{"id":338,"date":"2021-09-22T08:35:09","date_gmt":"2021-09-22T08:35:09","guid":{"rendered":"https:\/\/dellearti-design-hotel.ms.decms.eu\/?page_id=338"},"modified":"2021-10-08T07:22:24","modified_gmt":"2021-10-08T07:22:24","slug":"ou-sommes-nous","status":"publish","type":"page","link":"https:\/\/www.dellearti.com\/fr\/ou-sommes-nous\/","title":{"rendered":"Ou sommes nous"},"content":{"rendered":"<p style=\"text-align: center;\"><strong>Dellearti Design Hotel<br \/>\n<\/strong>Via Geremia Bonomelli, 8<br \/>\nCremona \u2013 Italia<\/p>\n<p style=\"text-align: center;\">telefono. <a href=\"tel:+39037223131\">+39 0372 23131<\/a><br \/>\nfax. +39 0372 21654<\/p>\n<p style=\"text-align: center;\">Whatsapp. <a href=\"https:\/\/api.whatsapp.com\/send?phone=39037223131\" target=\"_blank\" rel=\"noopener\">+39 0372 23131<\/a><\/p>\n<p style=\"text-align: center;\">email: <a href=\"mailto:info@dellearti.com\">info@dellearti.com<\/a><\/p>\n<p>&nbsp;<\/p>\n<p>Le DelleArti Design Hotel, accessible en voiture jusqu\u2019\u00e0 l\u2019entr\u00e9e de l\u2019hotel, pour d\u00e9charger et charger les bagages,se trouve \u00e0 quelques m\u00e8tres de la Piazza del Duomo, du Torrazzo, \u00e0 350 m\u00e8tres du Museo del Violino, \u00e0 5 km du p\u00e9age de l\u2019autoroute et \u00e0 un kilom\u00e8tre environ de la gare routi\u00e8re. L\u2019hotel a un garage priv\u00e9 en face (on demande la r\u00e9servation). Les a\u00e9roports de Milano Linate et Bergamo Orio al Serio sont loin environ 100 km de la ville et l\u2019a\u00e9roport de Milano Malpensa est loin 150 km. L\u2019hotel organise des services de transfert avec sa propre\u00a0 voiture.<\/p>\n","protected":false},"excerpt":{"rendered":"<p>Dellearti Design Hotel Via Geremia Bonomelli, 8 Cremona \u2013 Italia telefono. +39 0372 23131 fax. +39 0372 21654 Whatsapp. +39 0372 23131 email: info@dellearti.com &nbsp; Le DelleArti Design Hotel, accessible en voiture jusqu\u2019\u00e0 l\u2019entr\u00e9e de l\u2019hotel, pour d\u00e9charger et charger les bagages,se trouve \u00e0 quelques m\u00e8tres de la Piazza del Duomo, du Torrazzo, \u00e0 350 [&hellip;]<\/p>\n","protected":false},"author":344,"featured_media":0,"parent":0,"menu_order":80,"comment_status":"closed","ping_status":"closed","template":"","meta":{"footnotes":""},"class_list":["post-338","page","type-page","status-publish","hentry"],"yoast_head":"<!-- This site is optimized with the Yoast SEO plugin v26.9 - https:\/\/yoast.com\/product\/yoast-seo-wordpress\/ -->\n<title>Ou sommes nous &#8226; Dellearti Design Hotel &#8226;<\/title>\n<meta name=\"description\" content=\"Dellearti Design Hotel Via Geremia Bonomelli, 8 Cremona \u2013 Italia telefono. +39 0372 23131 fax\" \/>\n<meta name=\"robots\" content=\"index, follow, max-snippet:-1, max-image-preview:large, max-video-preview:-1\" \/>\n<link rel=\"canonical\" href=\"https:\/\/www.dellearti.com\/fr\/ou-sommes-nous\/\" \/>\n<meta property=\"og:locale\" content=\"fr_FR\" \/>\n<meta property=\"og:type\" content=\"article\" \/>\n<meta property=\"og:title\" content=\"Ou sommes nous &#8226; Dellearti Design Hotel &#8226;\" \/>\n<meta property=\"og:description\" content=\"Dellearti Design Hotel Via Geremia Bonomelli, 8 Cremona \u2013 Italia telefono. +39 0372 23131 fax\" \/>\n<meta property=\"og:url\" content=\"https:\/\/www.dellearti.com\/fr\/ou-sommes-nous\/\" \/>\n<meta property=\"og:site_name\" content=\"Dellearti Design Hotel\" \/>\n<meta property=\"article:modified_time\" content=\"2021-10-08T07:22:24+00:00\" \/>\n<meta name=\"twitter:card\" content=\"summary_large_image\" \/>\n<meta name=\"twitter:label1\" content=\"Dur\u00e9e de lecture estim\u00e9e\" \/>\n\t<meta name=\"twitter:data1\" content=\"1 minute\" \/>\n<script type=\"application\/ld+json\" class=\"yoast-schema-graph\">{\"@context\":\"https:\/\/schema.org\",\"@graph\":[{\"@type\":\"WebPage\",\"@id\":\"https:\/\/www.dellearti.com\/fr\/ou-sommes-nous\/\",\"url\":\"https:\/\/www.dellearti.com\/fr\/ou-sommes-nous\/\",\"name\":\"Ou sommes nous &#8226; Dellearti Design Hotel &#8226;\",\"isPartOf\":{\"@id\":\"https:\/\/www.dellearti.com\/fr\/#website\"},\"datePublished\":\"2021-09-22T08:35:09+00:00\",\"dateModified\":\"2021-10-08T07:22:24+00:00\",\"description\":\"Dellearti Design Hotel Via Geremia Bonomelli, 8 Cremona \u2013 Italia telefono. +39 0372 23131 fax\",\"breadcrumb\":{\"@id\":\"https:\/\/www.dellearti.com\/fr\/ou-sommes-nous\/#breadcrumb\"},\"inLanguage\":\"fr-FR\",\"potentialAction\":[{\"@type\":\"ReadAction\",\"target\":[\"https:\/\/www.dellearti.com\/fr\/ou-sommes-nous\/\"]}]},{\"@type\":\"BreadcrumbList\",\"@id\":\"https:\/\/www.dellearti.com\/fr\/ou-sommes-nous\/#breadcrumb\",\"itemListElement\":[{\"@type\":\"ListItem\",\"position\":1,\"name\":\"Home\",\"item\":\"https:\/\/www.dellearti.com\/fr\/\"},{\"@type\":\"ListItem\",\"position\":2,\"name\":\"Ou sommes nous\"}]},{\"@type\":\"WebSite\",\"@id\":\"https:\/\/www.dellearti.com\/fr\/#website\",\"url\":\"https:\/\/www.dellearti.com\/fr\/\",\"name\":\"Dellearti Design Hotel\",\"description\":\"Just another ms.decms.eu site\",\"potentialAction\":[{\"@type\":\"SearchAction\",\"target\":{\"@type\":\"EntryPoint\",\"urlTemplate\":\"https:\/\/www.dellearti.com\/fr\/?s={search_term_string}\"},\"query-input\":{\"@type\":\"PropertyValueSpecification\",\"valueRequired\":true,\"valueName\":\"search_term_string\"}}],\"inLanguage\":\"fr-FR\"}]}<\/script>\n<!-- \/ Yoast SEO plugin. -->","yoast_head_json":{"title":"Ou sommes nous &#8226; Dellearti Design Hotel &#8226;","description":"Dellearti Design Hotel Via Geremia Bonomelli, 8 Cremona \u2013 Italia telefono. +39 0372 23131 fax","robots":{"index":"index","follow":"follow","max-snippet":"max-snippet:-1","max-image-preview":"max-image-preview:large","max-video-preview":"max-video-preview:-1"},"canonical":"https:\/\/www.dellearti.com\/fr\/ou-sommes-nous\/","og_locale":"fr_FR","og_type":"article","og_title":"Ou sommes nous &#8226; Dellearti Design Hotel &#8226;","og_description":"Dellearti Design Hotel Via Geremia Bonomelli, 8 Cremona \u2013 Italia telefono. +39 0372 23131 fax","og_url":"https:\/\/www.dellearti.com\/fr\/ou-sommes-nous\/","og_site_name":"Dellearti Design Hotel","article_modified_time":"2021-10-08T07:22:24+00:00","twitter_card":"summary_large_image","twitter_misc":{"Dur\u00e9e de lecture estim\u00e9e":"1 minute"},"schema":{"@context":"https:\/\/schema.org","@graph":[{"@type":"WebPage","@id":"https:\/\/www.dellearti.com\/fr\/ou-sommes-nous\/","url":"https:\/\/www.dellearti.com\/fr\/ou-sommes-nous\/","name":"Ou sommes nous &#8226; Dellearti Design Hotel &#8226;","isPartOf":{"@id":"https:\/\/www.dellearti.com\/fr\/#website"},"datePublished":"2021-09-22T08:35:09+00:00","dateModified":"2021-10-08T07:22:24+00:00","description":"Dellearti Design Hotel Via Geremia Bonomelli, 8 Cremona \u2013 Italia telefono. +39 0372 23131 fax","breadcrumb":{"@id":"https:\/\/www.dellearti.com\/fr\/ou-sommes-nous\/#breadcrumb"},"inLanguage":"fr-FR","potentialAction":[{"@type":"ReadAction","target":["https:\/\/www.dellearti.com\/fr\/ou-sommes-nous\/"]}]},{"@type":"BreadcrumbList","@id":"https:\/\/www.dellearti.com\/fr\/ou-sommes-nous\/#breadcrumb","itemListElement":[{"@type":"ListItem","position":1,"name":"Home","item":"https:\/\/www.dellearti.com\/fr\/"},{"@type":"ListItem","position":2,"name":"Ou sommes nous"}]},{"@type":"WebSite","@id":"https:\/\/www.dellearti.com\/fr\/#website","url":"https:\/\/www.dellearti.com\/fr\/","name":"Dellearti Design Hotel","description":"Just another ms.decms.eu site","potentialAction":[{"@type":"SearchAction","target":{"@type":"EntryPoint","urlTemplate":"https:\/\/www.dellearti.com\/fr\/?s={search_term_string}"},"query-input":{"@type":"PropertyValueSpecification","valueRequired":true,"valueName":"search_term_string"}}],"inLanguage":"fr-FR"}]}},"acf":[],"_links":{"self":[{"href":"https:\/\/www.dellearti.com\/fr\/wp-json\/wp\/v2\/pages\/338","targetHints":{"allow":["GET"]}}],"collection":[{"href":"https:\/\/www.dellearti.com\/fr\/wp-json\/wp\/v2\/pages"}],"about":[{"href":"https:\/\/www.dellearti.com\/fr\/wp-json\/wp\/v2\/types\/page"}],"author":[{"embeddable":true,"href":"https:\/\/www.dellearti.com\/fr\/wp-json\/wp\/v2\/users\/344"}],"replies":[{"embeddable":true,"href":"https:\/\/www.dellearti.com\/fr\/wp-json\/wp\/v2\/comments?post=338"}],"version-history":[{"count":0,"href":"https:\/\/www.dellearti.com\/fr\/wp-json\/wp\/v2\/pages\/338\/revisions"}],"wp:attachment":[{"href":"https:\/\/www.dellearti.com\/fr\/wp-json\/wp\/v2\/media?parent=338"}],"curies":[{"name":"wp","href":"https:\/\/api.w.org\/{rel}","templated":true}]}}