{"id":332,"date":"2021-09-22T08:30:01","date_gmt":"2021-09-22T08:30:01","guid":{"rendered":"https:\/\/dellearti-design-hotel.ms.decms.eu\/?page_id=332"},"modified":"2024-12-05T16:47:52","modified_gmt":"2024-12-05T16:47:52","slug":"reunions","status":"publish","type":"page","link":"https:\/\/www.dellearti.com\/fr\/reunions\/","title":{"rendered":"R\u00e9unions"},"content":{"rendered":"<p>La salle accueillit\u00a0 60 personnes et peut \u00eatre \u00e9quip\u00e9e sur demande.<\/p>\n<p>La salle voisine, pour 20 personnes, permet di diviser la r\u00e9union en groups de travail\u00a0 et peut \u00eatre utilis\u00e9e seulement pour\u00a0 petites r\u00e9unions.<\/p>\n<p>Le Mezzanino, avec table ronde pour 4\/5 personnes, pour des entretiens d\u2019embauche, se trouve au-dessus de la r\u00e9ception.<\/p>\n<p>On organise des \u00e9v\u00e9nements complets.<\/p>\n<p>Meeting Room: <a href=\"https:\/\/www.dellearti.com\/wp-content\/uploads\/sites\/322\/2024\/12\/Meeting-DelleArti-EN.pdf\" target=\"_blank\" rel=\"noopener\">click here<\/a><\/p>\n<p>Pour information<\/p>\n<p>Pizzeria Gianluca<\/p>\n<p>e-mail : <a href=\"mailto:corporate@cremonahotels.it\">corporate@cremonahotels.it<\/a><\/p>\n<p>t\u00e9l: 0372-434141<\/p>\n","protected":false},"excerpt":{"rendered":"<p>La salle accueillit\u00a0 60 personnes et peut \u00eatre \u00e9quip\u00e9e sur demande. La salle voisine, pour 20 personnes, permet di diviser la r\u00e9union en groups de travail\u00a0 et peut \u00eatre utilis\u00e9e seulement pour\u00a0 petites r\u00e9unions. Le Mezzanino, avec table ronde pour 4\/5 personnes, pour des entretiens d\u2019embauche, se trouve au-dessus de la r\u00e9ception. On organise des [&hellip;]<\/p>\n","protected":false},"author":344,"featured_media":0,"parent":0,"menu_order":50,"comment_status":"closed","ping_status":"closed","template":"template-meetings.php","meta":{"footnotes":""},"class_list":["post-332","page","type-page","status-publish","hentry"],"yoast_head":"<!-- This site is optimized with the Yoast SEO plugin v26.9 - https:\/\/yoast.com\/product\/yoast-seo-wordpress\/ -->\n<title>R\u00e9unions &#8226; Dellearti Design Hotel &#8226;<\/title>\n<meta name=\"description\" content=\"La salle accueillit\u00a0 60 personnes et peut \u00eatre \u00e9quip\u00e9e sur demande.  La salle voisine, pour 20 personnes, permet di diviser la r\u00e9union en groups de travail\u00a0 et peut \u00eatre utilis\u00e9e seulement pour\u00a0 petites r\u00e9unions.  Le Mezzanino, avec table ronde pour 4\/5 personnes, pour des entretiens d\u2019embauche, se trouve au-dessus de la r\u00e9ception.  On organise des \u00e9v\u00e9nements complets.  Meeting Room: click here  Pour information  Pizzeria Gianluca  e-mail : corporate@cremonahotels.it  t\u00e9l: 0372-434141.\" \/>\n<meta name=\"robots\" content=\"index, follow, max-snippet:-1, max-image-preview:large, max-video-preview:-1\" \/>\n<link rel=\"canonical\" href=\"https:\/\/www.dellearti.com\/fr\/reunions\/\" \/>\n<meta property=\"og:locale\" content=\"fr_FR\" \/>\n<meta property=\"og:type\" content=\"article\" \/>\n<meta property=\"og:title\" content=\"R\u00e9unions &#8226; Dellearti Design Hotel &#8226;\" \/>\n<meta property=\"og:description\" content=\"La salle accueillit\u00a0 60 personnes et peut \u00eatre \u00e9quip\u00e9e sur demande.  La salle voisine, pour 20 personnes, permet di diviser la r\u00e9union en groups de travail\u00a0 et peut \u00eatre utilis\u00e9e seulement pour\u00a0 petites r\u00e9unions.  Le Mezzanino, avec table ronde pour 4\/5 personnes, pour des entretiens d\u2019embauche, se trouve au-dessus de la r\u00e9ception.  On organise des \u00e9v\u00e9nements complets.  Meeting Room: click here  Pour information  Pizzeria Gianluca  e-mail : corporate@cremonahotels.it  t\u00e9l: 0372-434141.\" \/>\n<meta property=\"og:url\" content=\"https:\/\/www.dellearti.com\/fr\/reunions\/\" \/>\n<meta property=\"og:site_name\" content=\"Dellearti Design Hotel\" \/>\n<meta property=\"article:modified_time\" content=\"2024-12-05T16:47:52+00:00\" \/>\n<meta name=\"twitter:card\" content=\"summary_large_image\" \/>\n<script type=\"application\/ld+json\" class=\"yoast-schema-graph\">{\"@context\":\"https:\/\/schema.org\",\"@graph\":[{\"@type\":\"WebPage\",\"@id\":\"https:\/\/www.dellearti.com\/fr\/reunions\/\",\"url\":\"https:\/\/www.dellearti.com\/fr\/reunions\/\",\"name\":\"R\u00e9unions &#8226; Dellearti Design Hotel &#8226;\",\"isPartOf\":{\"@id\":\"https:\/\/www.dellearti.com\/fr\/#website\"},\"datePublished\":\"2021-09-22T08:30:01+00:00\",\"dateModified\":\"2024-12-05T16:47:52+00:00\",\"description\":\"La salle accueillit\u00a0 60 personnes et peut \u00eatre \u00e9quip\u00e9e sur demande. La salle voisine, pour 20 personnes, permet di diviser la r\u00e9union en groups de travail\u00a0 et peut \u00eatre utilis\u00e9e seulement pour\u00a0 petites r\u00e9unions. Le Mezzanino, avec table ronde pour 4\/5 personnes, pour des entretiens d\u2019embauche, se trouve au-dessus de la r\u00e9ception. On organise des \u00e9v\u00e9nements complets. Meeting Room: click here Pour information Pizzeria Gianluca e-mail : corporate@cremonahotels.it t\u00e9l: 0372-434141.\",\"breadcrumb\":{\"@id\":\"https:\/\/www.dellearti.com\/fr\/reunions\/#breadcrumb\"},\"inLanguage\":\"fr-FR\",\"potentialAction\":[{\"@type\":\"ReadAction\",\"target\":[\"https:\/\/www.dellearti.com\/fr\/reunions\/\"]}]},{\"@type\":\"BreadcrumbList\",\"@id\":\"https:\/\/www.dellearti.com\/fr\/reunions\/#breadcrumb\",\"itemListElement\":[{\"@type\":\"ListItem\",\"position\":1,\"name\":\"Home\",\"item\":\"https:\/\/www.dellearti.com\/fr\/\"},{\"@type\":\"ListItem\",\"position\":2,\"name\":\"R\u00e9unions\"}]},{\"@type\":\"WebSite\",\"@id\":\"https:\/\/www.dellearti.com\/fr\/#website\",\"url\":\"https:\/\/www.dellearti.com\/fr\/\",\"name\":\"Dellearti Design Hotel\",\"description\":\"Just another ms.decms.eu site\",\"potentialAction\":[{\"@type\":\"SearchAction\",\"target\":{\"@type\":\"EntryPoint\",\"urlTemplate\":\"https:\/\/www.dellearti.com\/fr\/?s={search_term_string}\"},\"query-input\":{\"@type\":\"PropertyValueSpecification\",\"valueRequired\":true,\"valueName\":\"search_term_string\"}}],\"inLanguage\":\"fr-FR\"}]}<\/script>\n<!-- \/ Yoast SEO plugin. -->","yoast_head_json":{"title":"R\u00e9unions &#8226; Dellearti Design Hotel &#8226;","description":"La salle accueillit\u00a0 60 personnes et peut \u00eatre \u00e9quip\u00e9e sur demande.  La salle voisine, pour 20 personnes, permet di diviser la r\u00e9union en groups de travail\u00a0 et peut \u00eatre utilis\u00e9e seulement pour\u00a0 petites r\u00e9unions.  Le Mezzanino, avec table ronde pour 4\/5 personnes, pour des entretiens d\u2019embauche, se trouve au-dessus de la r\u00e9ception.  On organise des \u00e9v\u00e9nements complets.  Meeting Room: click here  Pour information  Pizzeria Gianluca  e-mail : corporate@cremonahotels.it  t\u00e9l: 0372-434141.","robots":{"index":"index","follow":"follow","max-snippet":"max-snippet:-1","max-image-preview":"max-image-preview:large","max-video-preview":"max-video-preview:-1"},"canonical":"https:\/\/www.dellearti.com\/fr\/reunions\/","og_locale":"fr_FR","og_type":"article","og_title":"R\u00e9unions &#8226; Dellearti Design Hotel &#8226;","og_description":"La salle accueillit\u00a0 60 personnes et peut \u00eatre \u00e9quip\u00e9e sur demande.  La salle voisine, pour 20 personnes, permet di diviser la r\u00e9union en groups de travail\u00a0 et peut \u00eatre utilis\u00e9e seulement pour\u00a0 petites r\u00e9unions.  Le Mezzanino, avec table ronde pour 4\/5 personnes, pour des entretiens d\u2019embauche, se trouve au-dessus de la r\u00e9ception.  On organise des \u00e9v\u00e9nements complets.  Meeting Room: click here  Pour information  Pizzeria Gianluca  e-mail : corporate@cremonahotels.it  t\u00e9l: 0372-434141.","og_url":"https:\/\/www.dellearti.com\/fr\/reunions\/","og_site_name":"Dellearti Design Hotel","article_modified_time":"2024-12-05T16:47:52+00:00","twitter_card":"summary_large_image","schema":{"@context":"https:\/\/schema.org","@graph":[{"@type":"WebPage","@id":"https:\/\/www.dellearti.com\/fr\/reunions\/","url":"https:\/\/www.dellearti.com\/fr\/reunions\/","name":"R\u00e9unions &#8226; Dellearti Design Hotel &#8226;","isPartOf":{"@id":"https:\/\/www.dellearti.com\/fr\/#website"},"datePublished":"2021-09-22T08:30:01+00:00","dateModified":"2024-12-05T16:47:52+00:00","description":"La salle accueillit\u00a0 60 personnes et peut \u00eatre \u00e9quip\u00e9e sur demande. La salle voisine, pour 20 personnes, permet di diviser la r\u00e9union en groups de travail\u00a0 et peut \u00eatre utilis\u00e9e seulement pour\u00a0 petites r\u00e9unions. Le Mezzanino, avec table ronde pour 4\/5 personnes, pour des entretiens d\u2019embauche, se trouve au-dessus de la r\u00e9ception. On organise des \u00e9v\u00e9nements complets. Meeting Room: click here Pour information Pizzeria Gianluca e-mail : corporate@cremonahotels.it t\u00e9l: 0372-434141.","breadcrumb":{"@id":"https:\/\/www.dellearti.com\/fr\/reunions\/#breadcrumb"},"inLanguage":"fr-FR","potentialAction":[{"@type":"ReadAction","target":["https:\/\/www.dellearti.com\/fr\/reunions\/"]}]},{"@type":"BreadcrumbList","@id":"https:\/\/www.dellearti.com\/fr\/reunions\/#breadcrumb","itemListElement":[{"@type":"ListItem","position":1,"name":"Home","item":"https:\/\/www.dellearti.com\/fr\/"},{"@type":"ListItem","position":2,"name":"R\u00e9unions"}]},{"@type":"WebSite","@id":"https:\/\/www.dellearti.com\/fr\/#website","url":"https:\/\/www.dellearti.com\/fr\/","name":"Dellearti Design Hotel","description":"Just another ms.decms.eu site","potentialAction":[{"@type":"SearchAction","target":{"@type":"EntryPoint","urlTemplate":"https:\/\/www.dellearti.com\/fr\/?s={search_term_string}"},"query-input":{"@type":"PropertyValueSpecification","valueRequired":true,"valueName":"search_term_string"}}],"inLanguage":"fr-FR"}]}},"acf":[],"_links":{"self":[{"href":"https:\/\/www.dellearti.com\/fr\/wp-json\/wp\/v2\/pages\/332","targetHints":{"allow":["GET"]}}],"collection":[{"href":"https:\/\/www.dellearti.com\/fr\/wp-json\/wp\/v2\/pages"}],"about":[{"href":"https:\/\/www.dellearti.com\/fr\/wp-json\/wp\/v2\/types\/page"}],"author":[{"embeddable":true,"href":"https:\/\/www.dellearti.com\/fr\/wp-json\/wp\/v2\/users\/344"}],"replies":[{"embeddable":true,"href":"https:\/\/www.dellearti.com\/fr\/wp-json\/wp\/v2\/comments?post=332"}],"version-history":[{"count":0,"href":"https:\/\/www.dellearti.com\/fr\/wp-json\/wp\/v2\/pages\/332\/revisions"}],"wp:attachment":[{"href":"https:\/\/www.dellearti.com\/fr\/wp-json\/wp\/v2\/media?parent=332"}],"curies":[{"name":"wp","href":"https:\/\/api.w.org\/{rel}","templated":true}]}}