{"id":313,"date":"2021-09-22T08:05:41","date_gmt":"2021-09-22T08:05:41","guid":{"rendered":"https:\/\/dellearti-design-hotel.ms.decms.eu\/?page_id=313"},"modified":"2023-10-06T09:28:03","modified_gmt":"2023-10-06T09:28:03","slug":"silver-suite","status":"publish","type":"page","link":"https:\/\/www.dellearti.com\/fr\/chambres\/silver-suite\/","title":{"rendered":"Junior Suite"},"content":{"rendered":"<p>Nos Junior Suites sont \u00e9quip\u00e9es d&rsquo;un lit double, d&rsquo;une smart TV 50&Prime;, d&rsquo;un bureau, d&rsquo;une salle de bain privative avec douche, d&rsquo;un canap\u00e9, d&rsquo;une machine \u00e0 caf\u00e9.<\/p>\n<p>Les suites junior disposent \u00e9galement d&rsquo;un canap\u00e9 lit, sur demande possibilit\u00e9 d&rsquo;h\u00e9berger 4 personnes &#8211; 1 lit double et 1 canap\u00e9 lit double &#8211; id\u00e9al pour 3 adultes maximum ou 2 adultes et 2 enfants maximum<\/p>\n","protected":false},"excerpt":{"rendered":"<p>Nos Junior Suites sont \u00e9quip\u00e9es d&rsquo;un lit double, d&rsquo;une smart TV 50&Prime;, d&rsquo;un bureau, d&rsquo;une salle de bain privative avec douche, d&rsquo;un canap\u00e9, d&rsquo;une machine \u00e0 caf\u00e9. Les suites junior disposent \u00e9galement d&rsquo;un canap\u00e9 lit, sur demande possibilit\u00e9 d&rsquo;h\u00e9berger 4 personnes &#8211; 1 lit double et 1 canap\u00e9 lit double &#8211; id\u00e9al pour 3 adultes [&hellip;]<\/p>\n","protected":false},"author":344,"featured_media":0,"parent":304,"menu_order":30,"comment_status":"closed","ping_status":"closed","template":"template-single-room.php","meta":{"footnotes":""},"class_list":["post-313","page","type-page","status-publish","hentry"],"yoast_head":"<!-- This site is optimized with the Yoast SEO plugin v26.9 - https:\/\/yoast.com\/product\/yoast-seo-wordpress\/ -->\n<title>Junior Suite &#8226; Dellearti Design Hotel &#8226;<\/title>\n<meta name=\"description\" content=\"Nos Junior Suites sont \u00e9quip\u00e9es d&#039;un lit double, d&#039;une smart TV 50&quot;, d&#039;un bureau, d&#039;une salle de bain privative avec douche, d&#039;un canap\u00e9, d&#039;une machine \u00e0 caf\u00e9.  Les suites junior disposent \u00e9galement d&#039;un canap\u00e9 lit, sur demande possibilit\u00e9 d&#039;h\u00e9berger 4 personnes - 1 lit double et 1 canap\u00e9 lit double - id\u00e9al pour 3 adultes maximum ou 2 adultes et 2 enfants maximum.\" \/>\n<meta name=\"robots\" content=\"index, follow, max-snippet:-1, max-image-preview:large, max-video-preview:-1\" \/>\n<link rel=\"canonical\" href=\"https:\/\/www.dellearti.com\/fr\/chambres\/silver-suite\/\" \/>\n<meta property=\"og:locale\" content=\"fr_FR\" \/>\n<meta property=\"og:type\" content=\"article\" \/>\n<meta property=\"og:title\" content=\"Junior Suite &#8226; Dellearti Design Hotel &#8226;\" \/>\n<meta property=\"og:description\" content=\"Nos Junior Suites sont \u00e9quip\u00e9es d&#039;un lit double, d&#039;une smart TV 50&quot;, d&#039;un bureau, d&#039;une salle de bain privative avec douche, d&#039;un canap\u00e9, d&#039;une machine \u00e0 caf\u00e9.  Les suites junior disposent \u00e9galement d&#039;un canap\u00e9 lit, sur demande possibilit\u00e9 d&#039;h\u00e9berger 4 personnes - 1 lit double et 1 canap\u00e9 lit double - id\u00e9al pour 3 adultes maximum ou 2 adultes et 2 enfants maximum.\" \/>\n<meta property=\"og:url\" content=\"https:\/\/www.dellearti.com\/fr\/chambres\/silver-suite\/\" \/>\n<meta property=\"og:site_name\" content=\"Dellearti Design Hotel\" \/>\n<meta property=\"article:modified_time\" content=\"2023-10-06T09:28:03+00:00\" \/>\n<meta name=\"twitter:card\" content=\"summary_large_image\" \/>\n<meta name=\"twitter:label1\" content=\"Dur\u00e9e de lecture estim\u00e9e\" \/>\n\t<meta name=\"twitter:data1\" content=\"1 minute\" \/>\n<script type=\"application\/ld+json\" class=\"yoast-schema-graph\">{\"@context\":\"https:\/\/schema.org\",\"@graph\":[{\"@type\":\"WebPage\",\"@id\":\"https:\/\/www.dellearti.com\/fr\/chambres\/silver-suite\/\",\"url\":\"https:\/\/www.dellearti.com\/fr\/chambres\/silver-suite\/\",\"name\":\"Junior Suite &#8226; Dellearti Design Hotel &#8226;\",\"isPartOf\":{\"@id\":\"https:\/\/www.dellearti.com\/fr\/#website\"},\"datePublished\":\"2021-09-22T08:05:41+00:00\",\"dateModified\":\"2023-10-06T09:28:03+00:00\",\"description\":\"Nos Junior Suites sont \u00e9quip\u00e9es d'un lit double, d'une smart TV 50\\\", d'un bureau, d'une salle de bain privative avec douche, d'un canap\u00e9, d'une machine \u00e0 caf\u00e9. Les suites junior disposent \u00e9galement d'un canap\u00e9 lit, sur demande possibilit\u00e9 d'h\u00e9berger 4 personnes - 1 lit double et 1 canap\u00e9 lit double - id\u00e9al pour 3 adultes maximum ou 2 adultes et 2 enfants maximum.\",\"breadcrumb\":{\"@id\":\"https:\/\/www.dellearti.com\/fr\/chambres\/silver-suite\/#breadcrumb\"},\"inLanguage\":\"fr-FR\",\"potentialAction\":[{\"@type\":\"ReadAction\",\"target\":[\"https:\/\/www.dellearti.com\/fr\/chambres\/silver-suite\/\"]}]},{\"@type\":\"BreadcrumbList\",\"@id\":\"https:\/\/www.dellearti.com\/fr\/chambres\/silver-suite\/#breadcrumb\",\"itemListElement\":[{\"@type\":\"ListItem\",\"position\":1,\"name\":\"Home\",\"item\":\"https:\/\/www.dellearti.com\/fr\/\"},{\"@type\":\"ListItem\",\"position\":2,\"name\":\"Chambres\",\"item\":\"https:\/\/www.dellearti.com\/fr\/chambres\/\"},{\"@type\":\"ListItem\",\"position\":3,\"name\":\"Junior Suite\"}]},{\"@type\":\"WebSite\",\"@id\":\"https:\/\/www.dellearti.com\/fr\/#website\",\"url\":\"https:\/\/www.dellearti.com\/fr\/\",\"name\":\"Dellearti Design Hotel\",\"description\":\"Just another ms.decms.eu site\",\"potentialAction\":[{\"@type\":\"SearchAction\",\"target\":{\"@type\":\"EntryPoint\",\"urlTemplate\":\"https:\/\/www.dellearti.com\/fr\/?s={search_term_string}\"},\"query-input\":{\"@type\":\"PropertyValueSpecification\",\"valueRequired\":true,\"valueName\":\"search_term_string\"}}],\"inLanguage\":\"fr-FR\"}]}<\/script>\n<!-- \/ Yoast SEO plugin. -->","yoast_head_json":{"title":"Junior Suite &#8226; Dellearti Design Hotel &#8226;","description":"Nos Junior Suites sont \u00e9quip\u00e9es d'un lit double, d'une smart TV 50\", d'un bureau, d'une salle de bain privative avec douche, d'un canap\u00e9, d'une machine \u00e0 caf\u00e9.  Les suites junior disposent \u00e9galement d'un canap\u00e9 lit, sur demande possibilit\u00e9 d'h\u00e9berger 4 personnes - 1 lit double et 1 canap\u00e9 lit double - id\u00e9al pour 3 adultes maximum ou 2 adultes et 2 enfants maximum.","robots":{"index":"index","follow":"follow","max-snippet":"max-snippet:-1","max-image-preview":"max-image-preview:large","max-video-preview":"max-video-preview:-1"},"canonical":"https:\/\/www.dellearti.com\/fr\/chambres\/silver-suite\/","og_locale":"fr_FR","og_type":"article","og_title":"Junior Suite &#8226; Dellearti Design Hotel &#8226;","og_description":"Nos Junior Suites sont \u00e9quip\u00e9es d'un lit double, d'une smart TV 50\", d'un bureau, d'une salle de bain privative avec douche, d'un canap\u00e9, d'une machine \u00e0 caf\u00e9.  Les suites junior disposent \u00e9galement d'un canap\u00e9 lit, sur demande possibilit\u00e9 d'h\u00e9berger 4 personnes - 1 lit double et 1 canap\u00e9 lit double - id\u00e9al pour 3 adultes maximum ou 2 adultes et 2 enfants maximum.","og_url":"https:\/\/www.dellearti.com\/fr\/chambres\/silver-suite\/","og_site_name":"Dellearti Design Hotel","article_modified_time":"2023-10-06T09:28:03+00:00","twitter_card":"summary_large_image","twitter_misc":{"Dur\u00e9e de lecture estim\u00e9e":"1 minute"},"schema":{"@context":"https:\/\/schema.org","@graph":[{"@type":"WebPage","@id":"https:\/\/www.dellearti.com\/fr\/chambres\/silver-suite\/","url":"https:\/\/www.dellearti.com\/fr\/chambres\/silver-suite\/","name":"Junior Suite &#8226; Dellearti Design Hotel &#8226;","isPartOf":{"@id":"https:\/\/www.dellearti.com\/fr\/#website"},"datePublished":"2021-09-22T08:05:41+00:00","dateModified":"2023-10-06T09:28:03+00:00","description":"Nos Junior Suites sont \u00e9quip\u00e9es d'un lit double, d'une smart TV 50\", d'un bureau, d'une salle de bain privative avec douche, d'un canap\u00e9, d'une machine \u00e0 caf\u00e9. Les suites junior disposent \u00e9galement d'un canap\u00e9 lit, sur demande possibilit\u00e9 d'h\u00e9berger 4 personnes - 1 lit double et 1 canap\u00e9 lit double - id\u00e9al pour 3 adultes maximum ou 2 adultes et 2 enfants maximum.","breadcrumb":{"@id":"https:\/\/www.dellearti.com\/fr\/chambres\/silver-suite\/#breadcrumb"},"inLanguage":"fr-FR","potentialAction":[{"@type":"ReadAction","target":["https:\/\/www.dellearti.com\/fr\/chambres\/silver-suite\/"]}]},{"@type":"BreadcrumbList","@id":"https:\/\/www.dellearti.com\/fr\/chambres\/silver-suite\/#breadcrumb","itemListElement":[{"@type":"ListItem","position":1,"name":"Home","item":"https:\/\/www.dellearti.com\/fr\/"},{"@type":"ListItem","position":2,"name":"Chambres","item":"https:\/\/www.dellearti.com\/fr\/chambres\/"},{"@type":"ListItem","position":3,"name":"Junior Suite"}]},{"@type":"WebSite","@id":"https:\/\/www.dellearti.com\/fr\/#website","url":"https:\/\/www.dellearti.com\/fr\/","name":"Dellearti Design Hotel","description":"Just another ms.decms.eu site","potentialAction":[{"@type":"SearchAction","target":{"@type":"EntryPoint","urlTemplate":"https:\/\/www.dellearti.com\/fr\/?s={search_term_string}"},"query-input":{"@type":"PropertyValueSpecification","valueRequired":true,"valueName":"search_term_string"}}],"inLanguage":"fr-FR"}]}},"acf":[],"_links":{"self":[{"href":"https:\/\/www.dellearti.com\/fr\/wp-json\/wp\/v2\/pages\/313","targetHints":{"allow":["GET"]}}],"collection":[{"href":"https:\/\/www.dellearti.com\/fr\/wp-json\/wp\/v2\/pages"}],"about":[{"href":"https:\/\/www.dellearti.com\/fr\/wp-json\/wp\/v2\/types\/page"}],"author":[{"embeddable":true,"href":"https:\/\/www.dellearti.com\/fr\/wp-json\/wp\/v2\/users\/344"}],"replies":[{"embeddable":true,"href":"https:\/\/www.dellearti.com\/fr\/wp-json\/wp\/v2\/comments?post=313"}],"version-history":[{"count":0,"href":"https:\/\/www.dellearti.com\/fr\/wp-json\/wp\/v2\/pages\/313\/revisions"}],"up":[{"embeddable":true,"href":"https:\/\/www.dellearti.com\/fr\/wp-json\/wp\/v2\/pages\/304"}],"wp:attachment":[{"href":"https:\/\/www.dellearti.com\/fr\/wp-json\/wp\/v2\/media?parent=313"}],"curies":[{"name":"wp","href":"https:\/\/api.w.org\/{rel}","templated":true}]}}