{"id":301,"date":"2021-09-22T07:58:19","date_gmt":"2021-09-22T07:58:19","guid":{"rendered":"https:\/\/dellearti-design-hotel.ms.decms.eu\/?page_id=301"},"modified":"2024-02-07T19:01:48","modified_gmt":"2024-02-07T19:01:48","slug":"hotel","status":"publish","type":"page","link":"https:\/\/www.dellearti.com\/fr\/hotel\/","title":{"rendered":"Hotel"},"content":{"rendered":"<p>Le DelleArti\u00a0 Design Hotel se trouve dans une position centrale, derri\u00e8re la Cath\u00e9drale de Cr\u00e9mone, il offre 33 chambres doubles\/matrimoniales Sup\u00e9rieures, 2 Junior Suites et un chambre triple.<\/p>\n<p>La Project Room, une v\u00e9randa donnant sur le jardin, s&rsquo;agrandit \u00e9galement \u00e0 l&rsquo;ext\u00e9rieur en \u00e9t\u00e9. Une salle de petit-d\u00e9jeuner atypique, \u00e0 l&rsquo;ambiance cosmopolite mais o\u00f9 l&rsquo;on peut d\u00e9guster les meilleures sp\u00e9cialit\u00e9s traditionnelles.<\/p>\n<p>Un garage couvert est disponible pr\u00e8s de l\u2019hotel, seulement sur r\u00e9servation, ou on peut garer dans un parking conventionn\u00e9 \u00e0 quelques minutes \u00e0 pieds.<\/p>\n<p>L\u2019espace de gym, avec salle de gym \u00e9quip\u00e9e et\u00a0 cabine \u00e0 infrarouges Physiotherm, regarde sur\u00a0 la v\u00e9randa.<\/p>\n","protected":false},"excerpt":{"rendered":"<p>Le DelleArti\u00a0 Design Hotel se trouve dans une position centrale, derri\u00e8re la Cath\u00e9drale de Cr\u00e9mone, il offre 33 chambres doubles\/matrimoniales Sup\u00e9rieures, 2 Junior Suites et un chambre triple. La Project Room, une v\u00e9randa donnant sur le jardin, s&rsquo;agrandit \u00e9galement \u00e0 l&rsquo;ext\u00e9rieur en \u00e9t\u00e9. Une salle de petit-d\u00e9jeuner atypique, \u00e0 l&rsquo;ambiance cosmopolite mais o\u00f9 l&rsquo;on peut [&hellip;]<\/p>\n","protected":false},"author":344,"featured_media":0,"parent":0,"menu_order":20,"comment_status":"closed","ping_status":"closed","template":"template-hotel.php","meta":{"footnotes":""},"class_list":["post-301","page","type-page","status-publish","hentry"],"yoast_head":"<!-- This site is optimized with the Yoast SEO plugin v26.9 - https:\/\/yoast.com\/product\/yoast-seo-wordpress\/ -->\n<title>Hotel &#8226; Dellearti Design Hotel &#8226;<\/title>\n<meta name=\"description\" content=\"Le DelleArti\u00a0 Design Hotel se trouve dans une position centrale, derri\u00e8re la Cath\u00e9drale de Cr\u00e9mone, il offre 33 chambres doubles\/matrimoniales Sup\u00e9rieures, 2 Junior Suites et un chambre triple.  La Project Room, une v\u00e9randa donnant sur le jardin, s&#039;agrandit \u00e9galement \u00e0 l&#039;ext\u00e9rieur en \u00e9t\u00e9. Une salle de petit-d\u00e9jeuner atypique, \u00e0 l&#039;ambiance cosmopolite mais o\u00f9 l&#039;on peut d\u00e9guster les meilleures sp\u00e9cialit\u00e9s traditionnelles.  Un garage couvert est disponible pr\u00e8s de l\u2019hotel, seulement sur r\u00e9servation, ou on peut garer dans un parking conventionn\u00e9 \u00e0 quelques minutes \u00e0 pieds.  L\u2019espace de gym, avec salle de gym \u00e9quip\u00e9e et\u00a0 cabine \u00e0 infrarouges Physiotherm, regarde sur\u00a0 la v\u00e9randa.\" \/>\n<meta name=\"robots\" content=\"index, follow, max-snippet:-1, max-image-preview:large, max-video-preview:-1\" \/>\n<link rel=\"canonical\" href=\"https:\/\/www.dellearti.com\/fr\/hotel\/\" \/>\n<meta property=\"og:locale\" content=\"fr_FR\" \/>\n<meta property=\"og:type\" content=\"article\" \/>\n<meta property=\"og:title\" content=\"Hotel &#8226; Dellearti Design Hotel &#8226;\" \/>\n<meta property=\"og:description\" content=\"Le DelleArti\u00a0 Design Hotel se trouve dans une position centrale, derri\u00e8re la Cath\u00e9drale de Cr\u00e9mone, il offre 33 chambres doubles\/matrimoniales Sup\u00e9rieures, 2 Junior Suites et un chambre triple.  La Project Room, une v\u00e9randa donnant sur le jardin, s&#039;agrandit \u00e9galement \u00e0 l&#039;ext\u00e9rieur en \u00e9t\u00e9. Une salle de petit-d\u00e9jeuner atypique, \u00e0 l&#039;ambiance cosmopolite mais o\u00f9 l&#039;on peut d\u00e9guster les meilleures sp\u00e9cialit\u00e9s traditionnelles.  Un garage couvert est disponible pr\u00e8s de l\u2019hotel, seulement sur r\u00e9servation, ou on peut garer dans un parking conventionn\u00e9 \u00e0 quelques minutes \u00e0 pieds.  L\u2019espace de gym, avec salle de gym \u00e9quip\u00e9e et\u00a0 cabine \u00e0 infrarouges Physiotherm, regarde sur\u00a0 la v\u00e9randa.\" \/>\n<meta property=\"og:url\" content=\"https:\/\/www.dellearti.com\/fr\/hotel\/\" \/>\n<meta property=\"og:site_name\" content=\"Dellearti Design Hotel\" \/>\n<meta property=\"article:modified_time\" content=\"2024-02-07T19:01:48+00:00\" \/>\n<meta name=\"twitter:card\" content=\"summary_large_image\" \/>\n<meta name=\"twitter:label1\" content=\"Dur\u00e9e de lecture estim\u00e9e\" \/>\n\t<meta name=\"twitter:data1\" content=\"1 minute\" \/>\n<script type=\"application\/ld+json\" class=\"yoast-schema-graph\">{\"@context\":\"https:\/\/schema.org\",\"@graph\":[{\"@type\":\"WebPage\",\"@id\":\"https:\/\/www.dellearti.com\/fr\/hotel\/\",\"url\":\"https:\/\/www.dellearti.com\/fr\/hotel\/\",\"name\":\"Hotel &#8226; Dellearti Design Hotel &#8226;\",\"isPartOf\":{\"@id\":\"https:\/\/www.dellearti.com\/fr\/#website\"},\"datePublished\":\"2021-09-22T07:58:19+00:00\",\"dateModified\":\"2024-02-07T19:01:48+00:00\",\"description\":\"Le DelleArti\u00a0 Design Hotel se trouve dans une position centrale, derri\u00e8re la Cath\u00e9drale de Cr\u00e9mone, il offre 33 chambres doubles\/matrimoniales Sup\u00e9rieures, 2 Junior Suites et un chambre triple. La Project Room, une v\u00e9randa donnant sur le jardin, s'agrandit \u00e9galement \u00e0 l'ext\u00e9rieur en \u00e9t\u00e9. Une salle de petit-d\u00e9jeuner atypique, \u00e0 l'ambiance cosmopolite mais o\u00f9 l'on peut d\u00e9guster les meilleures sp\u00e9cialit\u00e9s traditionnelles. Un garage couvert est disponible pr\u00e8s de l\u2019hotel, seulement sur r\u00e9servation, ou on peut garer dans un parking conventionn\u00e9 \u00e0 quelques minutes \u00e0 pieds. L\u2019espace de gym, avec salle de gym \u00e9quip\u00e9e et\u00a0 cabine \u00e0 infrarouges Physiotherm, regarde sur\u00a0 la v\u00e9randa.\",\"breadcrumb\":{\"@id\":\"https:\/\/www.dellearti.com\/fr\/hotel\/#breadcrumb\"},\"inLanguage\":\"fr-FR\",\"potentialAction\":[{\"@type\":\"ReadAction\",\"target\":[\"https:\/\/www.dellearti.com\/fr\/hotel\/\"]}]},{\"@type\":\"BreadcrumbList\",\"@id\":\"https:\/\/www.dellearti.com\/fr\/hotel\/#breadcrumb\",\"itemListElement\":[{\"@type\":\"ListItem\",\"position\":1,\"name\":\"Home\",\"item\":\"https:\/\/www.dellearti.com\/fr\/\"},{\"@type\":\"ListItem\",\"position\":2,\"name\":\"Hotel\"}]},{\"@type\":\"WebSite\",\"@id\":\"https:\/\/www.dellearti.com\/fr\/#website\",\"url\":\"https:\/\/www.dellearti.com\/fr\/\",\"name\":\"Dellearti Design Hotel\",\"description\":\"Just another ms.decms.eu site\",\"potentialAction\":[{\"@type\":\"SearchAction\",\"target\":{\"@type\":\"EntryPoint\",\"urlTemplate\":\"https:\/\/www.dellearti.com\/fr\/?s={search_term_string}\"},\"query-input\":{\"@type\":\"PropertyValueSpecification\",\"valueRequired\":true,\"valueName\":\"search_term_string\"}}],\"inLanguage\":\"fr-FR\"}]}<\/script>\n<!-- \/ Yoast SEO plugin. -->","yoast_head_json":{"title":"Hotel &#8226; Dellearti Design Hotel &#8226;","description":"Le DelleArti\u00a0 Design Hotel se trouve dans une position centrale, derri\u00e8re la Cath\u00e9drale de Cr\u00e9mone, il offre 33 chambres doubles\/matrimoniales Sup\u00e9rieures, 2 Junior Suites et un chambre triple.  La Project Room, une v\u00e9randa donnant sur le jardin, s'agrandit \u00e9galement \u00e0 l'ext\u00e9rieur en \u00e9t\u00e9. Une salle de petit-d\u00e9jeuner atypique, \u00e0 l'ambiance cosmopolite mais o\u00f9 l'on peut d\u00e9guster les meilleures sp\u00e9cialit\u00e9s traditionnelles.  Un garage couvert est disponible pr\u00e8s de l\u2019hotel, seulement sur r\u00e9servation, ou on peut garer dans un parking conventionn\u00e9 \u00e0 quelques minutes \u00e0 pieds.  L\u2019espace de gym, avec salle de gym \u00e9quip\u00e9e et\u00a0 cabine \u00e0 infrarouges Physiotherm, regarde sur\u00a0 la v\u00e9randa.","robots":{"index":"index","follow":"follow","max-snippet":"max-snippet:-1","max-image-preview":"max-image-preview:large","max-video-preview":"max-video-preview:-1"},"canonical":"https:\/\/www.dellearti.com\/fr\/hotel\/","og_locale":"fr_FR","og_type":"article","og_title":"Hotel &#8226; Dellearti Design Hotel &#8226;","og_description":"Le DelleArti\u00a0 Design Hotel se trouve dans une position centrale, derri\u00e8re la Cath\u00e9drale de Cr\u00e9mone, il offre 33 chambres doubles\/matrimoniales Sup\u00e9rieures, 2 Junior Suites et un chambre triple.  La Project Room, une v\u00e9randa donnant sur le jardin, s'agrandit \u00e9galement \u00e0 l'ext\u00e9rieur en \u00e9t\u00e9. Une salle de petit-d\u00e9jeuner atypique, \u00e0 l'ambiance cosmopolite mais o\u00f9 l'on peut d\u00e9guster les meilleures sp\u00e9cialit\u00e9s traditionnelles.  Un garage couvert est disponible pr\u00e8s de l\u2019hotel, seulement sur r\u00e9servation, ou on peut garer dans un parking conventionn\u00e9 \u00e0 quelques minutes \u00e0 pieds.  L\u2019espace de gym, avec salle de gym \u00e9quip\u00e9e et\u00a0 cabine \u00e0 infrarouges Physiotherm, regarde sur\u00a0 la v\u00e9randa.","og_url":"https:\/\/www.dellearti.com\/fr\/hotel\/","og_site_name":"Dellearti Design Hotel","article_modified_time":"2024-02-07T19:01:48+00:00","twitter_card":"summary_large_image","twitter_misc":{"Dur\u00e9e de lecture estim\u00e9e":"1 minute"},"schema":{"@context":"https:\/\/schema.org","@graph":[{"@type":"WebPage","@id":"https:\/\/www.dellearti.com\/fr\/hotel\/","url":"https:\/\/www.dellearti.com\/fr\/hotel\/","name":"Hotel &#8226; Dellearti Design Hotel &#8226;","isPartOf":{"@id":"https:\/\/www.dellearti.com\/fr\/#website"},"datePublished":"2021-09-22T07:58:19+00:00","dateModified":"2024-02-07T19:01:48+00:00","description":"Le DelleArti\u00a0 Design Hotel se trouve dans une position centrale, derri\u00e8re la Cath\u00e9drale de Cr\u00e9mone, il offre 33 chambres doubles\/matrimoniales Sup\u00e9rieures, 2 Junior Suites et un chambre triple. La Project Room, une v\u00e9randa donnant sur le jardin, s'agrandit \u00e9galement \u00e0 l'ext\u00e9rieur en \u00e9t\u00e9. Une salle de petit-d\u00e9jeuner atypique, \u00e0 l'ambiance cosmopolite mais o\u00f9 l'on peut d\u00e9guster les meilleures sp\u00e9cialit\u00e9s traditionnelles. Un garage couvert est disponible pr\u00e8s de l\u2019hotel, seulement sur r\u00e9servation, ou on peut garer dans un parking conventionn\u00e9 \u00e0 quelques minutes \u00e0 pieds. L\u2019espace de gym, avec salle de gym \u00e9quip\u00e9e et\u00a0 cabine \u00e0 infrarouges Physiotherm, regarde sur\u00a0 la v\u00e9randa.","breadcrumb":{"@id":"https:\/\/www.dellearti.com\/fr\/hotel\/#breadcrumb"},"inLanguage":"fr-FR","potentialAction":[{"@type":"ReadAction","target":["https:\/\/www.dellearti.com\/fr\/hotel\/"]}]},{"@type":"BreadcrumbList","@id":"https:\/\/www.dellearti.com\/fr\/hotel\/#breadcrumb","itemListElement":[{"@type":"ListItem","position":1,"name":"Home","item":"https:\/\/www.dellearti.com\/fr\/"},{"@type":"ListItem","position":2,"name":"Hotel"}]},{"@type":"WebSite","@id":"https:\/\/www.dellearti.com\/fr\/#website","url":"https:\/\/www.dellearti.com\/fr\/","name":"Dellearti Design Hotel","description":"Just another ms.decms.eu site","potentialAction":[{"@type":"SearchAction","target":{"@type":"EntryPoint","urlTemplate":"https:\/\/www.dellearti.com\/fr\/?s={search_term_string}"},"query-input":{"@type":"PropertyValueSpecification","valueRequired":true,"valueName":"search_term_string"}}],"inLanguage":"fr-FR"}]}},"acf":[],"_links":{"self":[{"href":"https:\/\/www.dellearti.com\/fr\/wp-json\/wp\/v2\/pages\/301","targetHints":{"allow":["GET"]}}],"collection":[{"href":"https:\/\/www.dellearti.com\/fr\/wp-json\/wp\/v2\/pages"}],"about":[{"href":"https:\/\/www.dellearti.com\/fr\/wp-json\/wp\/v2\/types\/page"}],"author":[{"embeddable":true,"href":"https:\/\/www.dellearti.com\/fr\/wp-json\/wp\/v2\/users\/344"}],"replies":[{"embeddable":true,"href":"https:\/\/www.dellearti.com\/fr\/wp-json\/wp\/v2\/comments?post=301"}],"version-history":[{"count":0,"href":"https:\/\/www.dellearti.com\/fr\/wp-json\/wp\/v2\/pages\/301\/revisions"}],"wp:attachment":[{"href":"https:\/\/www.dellearti.com\/fr\/wp-json\/wp\/v2\/media?parent=301"}],"curies":[{"name":"wp","href":"https:\/\/api.w.org\/{rel}","templated":true}]}}