{"id":3,"date":"2021-07-05T08:18:36","date_gmt":"2021-07-05T08:18:36","guid":{"rendered":"https:\/\/dellearti-design-hotel.ms.decms.eu\/?page_id=3"},"modified":"2023-10-13T08:22:42","modified_gmt":"2023-10-13T08:22:42","slug":"homepage","status":"publish","type":"page","link":"https:\/\/www.dellearti.com\/fr\/","title":{"rendered":"Dellearti Design H\u00f4tel"},"content":{"rendered":"<p>Le DelleArti Design Hotel est l&rsquo;un des premiers v\u00e9ritables h\u00f4tels design construits en Italie en 2002 et a remport\u00e9 cette ann\u00e9e-l\u00e0 le prix du meilleur nouvel h\u00f4tel design d&rsquo;Europe.<\/p>\n<p>La riche offre culturelle de la ville est \u00e0 deux pas avec la Cath\u00e9drale, Torrazzo et le Mus\u00e9e Dioc\u00e9sain \u00e0 100 m\u00e8tres, le Mus\u00e9e du Violon \u00e0 350 m\u00e8tres.<\/p>\n<p>La galerie d&rsquo;art de l&rsquo;h\u00f4tel et son espace ext\u00e9rieur accueillent les petits d\u00e9jeuners et vous pourrez vous d\u00e9tendre dans notre espace bien-\u00eatre et notre salle de sport Technogym.<\/p>\n<p>Lorsque vous voyagez en voiture, vous aurez acc\u00e8s au garage priv\u00e9 couvert situ\u00e9 \u00e0 quelques m\u00e8tres en face de l&rsquo;h\u00f4tel.<\/p>\n<p style=\"text-align: center\"><img loading=\"lazy\" decoding=\"async\" class=\"alignnone size-full wp-image-477\" src=\"https:\/\/www.dellearti.com\/wp-content\/uploads\/sites\/322\/2023\/10\/premio.png\" alt=\"\" width=\"248\" height=\"84\" \/><\/p>\n","protected":false},"excerpt":{"rendered":"<p>Le DelleArti Design Hotel est l&rsquo;un des premiers v\u00e9ritables h\u00f4tels design construits en Italie en 2002 et a remport\u00e9 cette ann\u00e9e-l\u00e0 le prix du meilleur nouvel h\u00f4tel design d&rsquo;Europe. La riche offre culturelle de la ville est \u00e0 deux pas avec la Cath\u00e9drale, Torrazzo et le Mus\u00e9e Dioc\u00e9sain \u00e0 100 m\u00e8tres, le Mus\u00e9e du Violon [&hellip;]<\/p>\n","protected":false},"author":17,"featured_media":0,"parent":0,"menu_order":0,"comment_status":"closed","ping_status":"closed","template":"","meta":{"footnotes":""},"class_list":["post-3","page","type-page","status-publish","hentry"],"yoast_head":"<!-- This site is optimized with the Yoast SEO plugin v26.9 - https:\/\/yoast.com\/product\/yoast-seo-wordpress\/ -->\n<title>Dellearti Design H\u00f4tel &#8226; dans le centre historique et culturel de Cr\u00e9mone<\/title>\n<meta name=\"description\" content=\"Le DelleArti Design Hotel est l&#039;un des premiers v\u00e9ritables h\u00f4tels design construits en Italie en 2002 et a remport\u00e9 cette ann\u00e9e-l\u00e0 le prix du meilleur nouvel h\u00f4tel design d&#039;Europe.  La riche offre culturelle de la ville est \u00e0 deux pas avec la Cath\u00e9drale, Torrazzo et le Mus\u00e9e Dioc\u00e9sain \u00e0 100 m\u00e8tres, le Mus\u00e9e du Violon \u00e0 350 m\u00e8tres.  La galerie d&#039;art de l&#039;h\u00f4tel et son espace ext\u00e9rieur accueillent les petits d\u00e9jeuners et vous pourrez vous d\u00e9tendre dans notre espace bien-\u00eatre et notre salle de sport Technogym.  Lorsque vous voyagez en voiture, vous aurez acc\u00e8s au garage priv\u00e9 couvert situ\u00e9 \u00e0 quelques m\u00e8tres en face de l&#039;h\u00f4tel. .\" \/>\n<meta name=\"robots\" content=\"index, follow, max-snippet:-1, max-image-preview:large, max-video-preview:-1\" \/>\n<link rel=\"canonical\" href=\"https:\/\/www.dellearti.com\/fr\/\" \/>\n<meta property=\"og:locale\" content=\"fr_FR\" \/>\n<meta property=\"og:type\" content=\"article\" \/>\n<meta property=\"og:title\" content=\"Dellearti Design H\u00f4tel &#8226; dans le centre historique et culturel de Cr\u00e9mone\" \/>\n<meta property=\"og:description\" content=\"Le DelleArti Design Hotel est l&#039;un des premiers v\u00e9ritables h\u00f4tels design construits en Italie en 2002 et a remport\u00e9 cette ann\u00e9e-l\u00e0 le prix du meilleur nouvel h\u00f4tel design d&#039;Europe.  La riche offre culturelle de la ville est \u00e0 deux pas avec la Cath\u00e9drale, Torrazzo et le Mus\u00e9e Dioc\u00e9sain \u00e0 100 m\u00e8tres, le Mus\u00e9e du Violon \u00e0 350 m\u00e8tres.  La galerie d&#039;art de l&#039;h\u00f4tel et son espace ext\u00e9rieur accueillent les petits d\u00e9jeuners et vous pourrez vous d\u00e9tendre dans notre espace bien-\u00eatre et notre salle de sport Technogym.  Lorsque vous voyagez en voiture, vous aurez acc\u00e8s au garage priv\u00e9 couvert situ\u00e9 \u00e0 quelques m\u00e8tres en face de l&#039;h\u00f4tel. .\" \/>\n<meta property=\"og:url\" content=\"https:\/\/www.dellearti.com\/fr\/\" \/>\n<meta property=\"og:site_name\" content=\"Dellearti Design Hotel\" \/>\n<meta property=\"article:modified_time\" content=\"2023-10-13T08:22:42+00:00\" \/>\n<meta property=\"og:image\" content=\"https:\/\/www.dellearti.com\/wp-content\/uploads\/sites\/322\/2023\/10\/premio.png\" \/>\n<meta name=\"twitter:card\" content=\"summary_large_image\" \/>\n<meta name=\"twitter:label1\" content=\"Dur\u00e9e de lecture estim\u00e9e\" \/>\n\t<meta name=\"twitter:data1\" content=\"1 minute\" \/>\n<script type=\"application\/ld+json\" class=\"yoast-schema-graph\">{\"@context\":\"https:\/\/schema.org\",\"@graph\":[{\"@type\":\"WebPage\",\"@id\":\"https:\/\/www.dellearti.com\/fr\/\",\"url\":\"https:\/\/www.dellearti.com\/fr\/\",\"name\":\"Dellearti Design H\u00f4tel &#8226; dans le centre historique et culturel de Cr\u00e9mone\",\"isPartOf\":{\"@id\":\"https:\/\/www.dellearti.com\/fr\/#website\"},\"primaryImageOfPage\":{\"@id\":\"https:\/\/www.dellearti.com\/fr\/#primaryimage\"},\"image\":{\"@id\":\"https:\/\/www.dellearti.com\/fr\/#primaryimage\"},\"thumbnailUrl\":\"https:\/\/www.dellearti.com\/wp-content\/uploads\/sites\/322\/2023\/10\/premio.png\",\"datePublished\":\"2021-07-05T08:18:36+00:00\",\"dateModified\":\"2023-10-13T08:22:42+00:00\",\"description\":\"Le DelleArti Design Hotel est l'un des premiers v\u00e9ritables h\u00f4tels design construits en Italie en 2002 et a remport\u00e9 cette ann\u00e9e-l\u00e0 le prix du meilleur nouvel h\u00f4tel design d'Europe. La riche offre culturelle de la ville est \u00e0 deux pas avec la Cath\u00e9drale, Torrazzo et le Mus\u00e9e Dioc\u00e9sain \u00e0 100 m\u00e8tres, le Mus\u00e9e du Violon \u00e0 350 m\u00e8tres. La galerie d'art de l'h\u00f4tel et son espace ext\u00e9rieur accueillent les petits d\u00e9jeuners et vous pourrez vous d\u00e9tendre dans notre espace bien-\u00eatre et notre salle de sport Technogym. Lorsque vous voyagez en voiture, vous aurez acc\u00e8s au garage priv\u00e9 couvert situ\u00e9 \u00e0 quelques m\u00e8tres en face de l'h\u00f4tel. .\",\"breadcrumb\":{\"@id\":\"https:\/\/www.dellearti.com\/fr\/#breadcrumb\"},\"inLanguage\":\"fr-FR\",\"potentialAction\":[{\"@type\":\"ReadAction\",\"target\":[\"https:\/\/www.dellearti.com\/fr\/\"]}]},{\"@type\":\"ImageObject\",\"inLanguage\":\"fr-FR\",\"@id\":\"https:\/\/www.dellearti.com\/fr\/#primaryimage\",\"url\":\"https:\/\/www.dellearti.com\/wp-content\/uploads\/sites\/322\/2023\/10\/premio.png\",\"contentUrl\":\"https:\/\/www.dellearti.com\/wp-content\/uploads\/sites\/322\/2023\/10\/premio.png\"},{\"@type\":\"BreadcrumbList\",\"@id\":\"https:\/\/www.dellearti.com\/fr\/#breadcrumb\",\"itemListElement\":[{\"@type\":\"ListItem\",\"position\":1,\"name\":\"Home\",\"item\":\"https:\/\/www.dellearti.com\/fr\/\"},{\"@type\":\"ListItem\",\"position\":2,\"name\":\"Dellearti Design H\u00f4tel\"}]},{\"@type\":\"WebSite\",\"@id\":\"https:\/\/www.dellearti.com\/fr\/#website\",\"url\":\"https:\/\/www.dellearti.com\/fr\/\",\"name\":\"Dellearti Design Hotel\",\"description\":\"Just another ms.decms.eu site\",\"potentialAction\":[{\"@type\":\"SearchAction\",\"target\":{\"@type\":\"EntryPoint\",\"urlTemplate\":\"https:\/\/www.dellearti.com\/fr\/?s={search_term_string}\"},\"query-input\":{\"@type\":\"PropertyValueSpecification\",\"valueRequired\":true,\"valueName\":\"search_term_string\"}}],\"inLanguage\":\"fr-FR\"}]}<\/script>\n<!-- \/ Yoast SEO plugin. -->","yoast_head_json":{"title":"Dellearti Design H\u00f4tel &#8226; dans le centre historique et culturel de Cr\u00e9mone","description":"Le DelleArti Design Hotel est l'un des premiers v\u00e9ritables h\u00f4tels design construits en Italie en 2002 et a remport\u00e9 cette ann\u00e9e-l\u00e0 le prix du meilleur nouvel h\u00f4tel design d'Europe.  La riche offre culturelle de la ville est \u00e0 deux pas avec la Cath\u00e9drale, Torrazzo et le Mus\u00e9e Dioc\u00e9sain \u00e0 100 m\u00e8tres, le Mus\u00e9e du Violon \u00e0 350 m\u00e8tres.  La galerie d'art de l'h\u00f4tel et son espace ext\u00e9rieur accueillent les petits d\u00e9jeuners et vous pourrez vous d\u00e9tendre dans notre espace bien-\u00eatre et notre salle de sport Technogym.  Lorsque vous voyagez en voiture, vous aurez acc\u00e8s au garage priv\u00e9 couvert situ\u00e9 \u00e0 quelques m\u00e8tres en face de l'h\u00f4tel. .","robots":{"index":"index","follow":"follow","max-snippet":"max-snippet:-1","max-image-preview":"max-image-preview:large","max-video-preview":"max-video-preview:-1"},"canonical":"https:\/\/www.dellearti.com\/fr\/","og_locale":"fr_FR","og_type":"article","og_title":"Dellearti Design H\u00f4tel &#8226; dans le centre historique et culturel de Cr\u00e9mone","og_description":"Le DelleArti Design Hotel est l'un des premiers v\u00e9ritables h\u00f4tels design construits en Italie en 2002 et a remport\u00e9 cette ann\u00e9e-l\u00e0 le prix du meilleur nouvel h\u00f4tel design d'Europe.  La riche offre culturelle de la ville est \u00e0 deux pas avec la Cath\u00e9drale, Torrazzo et le Mus\u00e9e Dioc\u00e9sain \u00e0 100 m\u00e8tres, le Mus\u00e9e du Violon \u00e0 350 m\u00e8tres.  La galerie d'art de l'h\u00f4tel et son espace ext\u00e9rieur accueillent les petits d\u00e9jeuners et vous pourrez vous d\u00e9tendre dans notre espace bien-\u00eatre et notre salle de sport Technogym.  Lorsque vous voyagez en voiture, vous aurez acc\u00e8s au garage priv\u00e9 couvert situ\u00e9 \u00e0 quelques m\u00e8tres en face de l'h\u00f4tel. .","og_url":"https:\/\/www.dellearti.com\/fr\/","og_site_name":"Dellearti Design Hotel","article_modified_time":"2023-10-13T08:22:42+00:00","og_image":[{"url":"https:\/\/www.dellearti.com\/wp-content\/uploads\/sites\/322\/2023\/10\/premio.png","type":"","width":"","height":""}],"twitter_card":"summary_large_image","twitter_misc":{"Dur\u00e9e de lecture estim\u00e9e":"1 minute"},"schema":{"@context":"https:\/\/schema.org","@graph":[{"@type":"WebPage","@id":"https:\/\/www.dellearti.com\/fr\/","url":"https:\/\/www.dellearti.com\/fr\/","name":"Dellearti Design H\u00f4tel &#8226; dans le centre historique et culturel de Cr\u00e9mone","isPartOf":{"@id":"https:\/\/www.dellearti.com\/fr\/#website"},"primaryImageOfPage":{"@id":"https:\/\/www.dellearti.com\/fr\/#primaryimage"},"image":{"@id":"https:\/\/www.dellearti.com\/fr\/#primaryimage"},"thumbnailUrl":"https:\/\/www.dellearti.com\/wp-content\/uploads\/sites\/322\/2023\/10\/premio.png","datePublished":"2021-07-05T08:18:36+00:00","dateModified":"2023-10-13T08:22:42+00:00","description":"Le DelleArti Design Hotel est l'un des premiers v\u00e9ritables h\u00f4tels design construits en Italie en 2002 et a remport\u00e9 cette ann\u00e9e-l\u00e0 le prix du meilleur nouvel h\u00f4tel design d'Europe. La riche offre culturelle de la ville est \u00e0 deux pas avec la Cath\u00e9drale, Torrazzo et le Mus\u00e9e Dioc\u00e9sain \u00e0 100 m\u00e8tres, le Mus\u00e9e du Violon \u00e0 350 m\u00e8tres. La galerie d'art de l'h\u00f4tel et son espace ext\u00e9rieur accueillent les petits d\u00e9jeuners et vous pourrez vous d\u00e9tendre dans notre espace bien-\u00eatre et notre salle de sport Technogym. Lorsque vous voyagez en voiture, vous aurez acc\u00e8s au garage priv\u00e9 couvert situ\u00e9 \u00e0 quelques m\u00e8tres en face de l'h\u00f4tel. .","breadcrumb":{"@id":"https:\/\/www.dellearti.com\/fr\/#breadcrumb"},"inLanguage":"fr-FR","potentialAction":[{"@type":"ReadAction","target":["https:\/\/www.dellearti.com\/fr\/"]}]},{"@type":"ImageObject","inLanguage":"fr-FR","@id":"https:\/\/www.dellearti.com\/fr\/#primaryimage","url":"https:\/\/www.dellearti.com\/wp-content\/uploads\/sites\/322\/2023\/10\/premio.png","contentUrl":"https:\/\/www.dellearti.com\/wp-content\/uploads\/sites\/322\/2023\/10\/premio.png"},{"@type":"BreadcrumbList","@id":"https:\/\/www.dellearti.com\/fr\/#breadcrumb","itemListElement":[{"@type":"ListItem","position":1,"name":"Home","item":"https:\/\/www.dellearti.com\/fr\/"},{"@type":"ListItem","position":2,"name":"Dellearti Design H\u00f4tel"}]},{"@type":"WebSite","@id":"https:\/\/www.dellearti.com\/fr\/#website","url":"https:\/\/www.dellearti.com\/fr\/","name":"Dellearti Design Hotel","description":"Just another ms.decms.eu site","potentialAction":[{"@type":"SearchAction","target":{"@type":"EntryPoint","urlTemplate":"https:\/\/www.dellearti.com\/fr\/?s={search_term_string}"},"query-input":{"@type":"PropertyValueSpecification","valueRequired":true,"valueName":"search_term_string"}}],"inLanguage":"fr-FR"}]}},"acf":[],"_links":{"self":[{"href":"https:\/\/www.dellearti.com\/fr\/wp-json\/wp\/v2\/pages\/3","targetHints":{"allow":["GET"]}}],"collection":[{"href":"https:\/\/www.dellearti.com\/fr\/wp-json\/wp\/v2\/pages"}],"about":[{"href":"https:\/\/www.dellearti.com\/fr\/wp-json\/wp\/v2\/types\/page"}],"author":[{"embeddable":true,"href":"https:\/\/www.dellearti.com\/fr\/wp-json\/wp\/v2\/users\/17"}],"replies":[{"embeddable":true,"href":"https:\/\/www.dellearti.com\/fr\/wp-json\/wp\/v2\/comments?post=3"}],"version-history":[{"count":0,"href":"https:\/\/www.dellearti.com\/fr\/wp-json\/wp\/v2\/pages\/3\/revisions"}],"wp:attachment":[{"href":"https:\/\/www.dellearti.com\/fr\/wp-json\/wp\/v2\/media?parent=3"}],"curies":[{"name":"wp","href":"https:\/\/api.w.org\/{rel}","templated":true}]}}