{"id":4,"date":"2021-07-05T08:18:47","date_gmt":"2021-07-05T08:18:47","guid":{"rendered":"https:\/\/dellearti-design-hotel.ms.decms.eu\/?page_id=4"},"modified":"2023-10-13T07:39:39","modified_gmt":"2023-10-13T07:39:39","slug":"homepage","status":"publish","type":"page","link":"https:\/\/www.dellearti.com\/de\/","title":{"rendered":"Dellearti Design Hotel"},"content":{"rendered":"<p>Das DelleArti Design Hotel ist eines der ersten echten Designhotels, das 2002 in Italien gebaut wurde, und gewann in diesem Jahr den Preis f\u00fcr das beste neue Designhotel in Europa.<\/p>\n<p>Das reiche kulturelle Angebot der Stadt ist nur einen Steinwurf entfernt: Die Kathedrale, das Torrazzo- und Di\u00f6zesanmuseum sind 100 Meter entfernt, das Geigenmuseum 350 Meter.<\/p>\n<p>In der Kunstgalerie des Hotels und im Au\u00dfenbereich findet Fr\u00fchst\u00fcck statt und Sie k\u00f6nnen in unserem Wellnessbereich und im Technogym-Fitnessstudio entspannen<\/p>\n<p>Wenn Sie mit dem Auto anreisen, haben Sie Zugang zur privaten \u00fcberdachten Garage, die sich nur wenige Meter vor dem Hotel befindet.<\/p>\n<p style=\"text-align: center\"><img loading=\"lazy\" decoding=\"async\" class=\"alignnone size-full wp-image-477\" src=\"https:\/\/www.dellearti.com\/wp-content\/uploads\/sites\/322\/2023\/10\/premio.png\" alt=\"\" width=\"248\" height=\"84\" \/><\/p>\n","protected":false},"excerpt":{"rendered":"<p>Das DelleArti Design Hotel ist eines der ersten echten Designhotels, das 2002 in Italien gebaut wurde, und gewann in diesem Jahr den Preis f\u00fcr das beste neue Designhotel in Europa. Das reiche kulturelle Angebot der Stadt ist nur einen Steinwurf entfernt: Die Kathedrale, das Torrazzo- und Di\u00f6zesanmuseum sind 100 Meter entfernt, das Geigenmuseum 350 Meter. [&hellip;]<\/p>\n","protected":false},"author":17,"featured_media":0,"parent":0,"menu_order":0,"comment_status":"closed","ping_status":"closed","template":"","meta":{"footnotes":""},"class_list":["post-4","page","type-page","status-publish","hentry"],"yoast_head":"<!-- This site is optimized with the Yoast SEO plugin v26.9 - https:\/\/yoast.com\/product\/yoast-seo-wordpress\/ -->\n<title>Dellearti Design Hotel &#8226; im historischen und kulturellen Zentrum von Cremona<\/title>\n<meta name=\"description\" content=\"Das DelleArti Design Hotel ist eines der ersten echten Designhotels, das 2002 in Italien gebaut wurde, und gewann in diesem Jahr den Preis f\u00fcr das beste neue Designhotel in Europa.  Das reiche kulturelle Angebot der Stadt ist nur einen Steinwurf entfernt: Die Kathedrale, das Torrazzo- und Di\u00f6zesanmuseum sind 100 Meter entfernt, das Geigenmuseum 350 Meter.  In der Kunstgalerie des Hotels und im Au\u00dfenbereich findet Fr\u00fchst\u00fcck statt und Sie k\u00f6nnen in unserem Wellnessbereich und im Technogym-Fitnessstudio entspannen  Wenn Sie mit dem Auto anreisen, haben Sie Zugang zur privaten \u00fcberdachten Garage, die sich nur wenige Meter vor dem Hotel befindet. .\" \/>\n<meta name=\"robots\" content=\"index, follow, max-snippet:-1, max-image-preview:large, max-video-preview:-1\" \/>\n<link rel=\"canonical\" href=\"https:\/\/www.dellearti.com\/de\/\" \/>\n<meta property=\"og:locale\" content=\"de_DE\" \/>\n<meta property=\"og:type\" content=\"article\" \/>\n<meta property=\"og:title\" content=\"Dellearti Design Hotel &#8226; im historischen und kulturellen Zentrum von Cremona\" \/>\n<meta property=\"og:description\" content=\"Das DelleArti Design Hotel ist eines der ersten echten Designhotels, das 2002 in Italien gebaut wurde, und gewann in diesem Jahr den Preis f\u00fcr das beste neue Designhotel in Europa.  Das reiche kulturelle Angebot der Stadt ist nur einen Steinwurf entfernt: Die Kathedrale, das Torrazzo- und Di\u00f6zesanmuseum sind 100 Meter entfernt, das Geigenmuseum 350 Meter.  In der Kunstgalerie des Hotels und im Au\u00dfenbereich findet Fr\u00fchst\u00fcck statt und Sie k\u00f6nnen in unserem Wellnessbereich und im Technogym-Fitnessstudio entspannen  Wenn Sie mit dem Auto anreisen, haben Sie Zugang zur privaten \u00fcberdachten Garage, die sich nur wenige Meter vor dem Hotel befindet. .\" \/>\n<meta property=\"og:url\" content=\"https:\/\/www.dellearti.com\/de\/\" \/>\n<meta property=\"og:site_name\" content=\"Dellearti Design Hotel\" \/>\n<meta property=\"article:modified_time\" content=\"2023-10-13T07:39:39+00:00\" \/>\n<meta property=\"og:image\" content=\"https:\/\/www.dellearti.com\/wp-content\/uploads\/sites\/322\/2023\/10\/premio.png\" \/>\n<meta name=\"twitter:card\" content=\"summary_large_image\" \/>\n<meta name=\"twitter:label1\" content=\"Gesch\u00e4tzte Lesezeit\" \/>\n\t<meta name=\"twitter:data1\" content=\"1 Minute\" \/>\n<script type=\"application\/ld+json\" class=\"yoast-schema-graph\">{\"@context\":\"https:\/\/schema.org\",\"@graph\":[{\"@type\":\"WebPage\",\"@id\":\"https:\/\/www.dellearti.com\/de\/\",\"url\":\"https:\/\/www.dellearti.com\/de\/\",\"name\":\"Dellearti Design Hotel &#8226; im historischen und kulturellen Zentrum von Cremona\",\"isPartOf\":{\"@id\":\"https:\/\/www.dellearti.com\/de\/#website\"},\"primaryImageOfPage\":{\"@id\":\"https:\/\/www.dellearti.com\/de\/#primaryimage\"},\"image\":{\"@id\":\"https:\/\/www.dellearti.com\/de\/#primaryimage\"},\"thumbnailUrl\":\"https:\/\/www.dellearti.com\/wp-content\/uploads\/sites\/322\/2023\/10\/premio.png\",\"datePublished\":\"2021-07-05T08:18:47+00:00\",\"dateModified\":\"2023-10-13T07:39:39+00:00\",\"description\":\"Das DelleArti Design Hotel ist eines der ersten echten Designhotels, das 2002 in Italien gebaut wurde, und gewann in diesem Jahr den Preis f\u00fcr das beste neue Designhotel in Europa. Das reiche kulturelle Angebot der Stadt ist nur einen Steinwurf entfernt: Die Kathedrale, das Torrazzo- und Di\u00f6zesanmuseum sind 100 Meter entfernt, das Geigenmuseum 350 Meter. In der Kunstgalerie des Hotels und im Au\u00dfenbereich findet Fr\u00fchst\u00fcck statt und Sie k\u00f6nnen in unserem Wellnessbereich und im Technogym-Fitnessstudio entspannen Wenn Sie mit dem Auto anreisen, haben Sie Zugang zur privaten \u00fcberdachten Garage, die sich nur wenige Meter vor dem Hotel befindet. .\",\"breadcrumb\":{\"@id\":\"https:\/\/www.dellearti.com\/de\/#breadcrumb\"},\"inLanguage\":\"de-DE\",\"potentialAction\":[{\"@type\":\"ReadAction\",\"target\":[\"https:\/\/www.dellearti.com\/de\/\"]}]},{\"@type\":\"ImageObject\",\"inLanguage\":\"de-DE\",\"@id\":\"https:\/\/www.dellearti.com\/de\/#primaryimage\",\"url\":\"https:\/\/www.dellearti.com\/wp-content\/uploads\/sites\/322\/2023\/10\/premio.png\",\"contentUrl\":\"https:\/\/www.dellearti.com\/wp-content\/uploads\/sites\/322\/2023\/10\/premio.png\"},{\"@type\":\"BreadcrumbList\",\"@id\":\"https:\/\/www.dellearti.com\/de\/#breadcrumb\",\"itemListElement\":[{\"@type\":\"ListItem\",\"position\":1,\"name\":\"Home\",\"item\":\"https:\/\/www.dellearti.com\/de\/\"},{\"@type\":\"ListItem\",\"position\":2,\"name\":\"Dellearti Design Hotel\"}]},{\"@type\":\"WebSite\",\"@id\":\"https:\/\/www.dellearti.com\/de\/#website\",\"url\":\"https:\/\/www.dellearti.com\/de\/\",\"name\":\"Dellearti Design Hotel\",\"description\":\"Just another ms.decms.eu site\",\"potentialAction\":[{\"@type\":\"SearchAction\",\"target\":{\"@type\":\"EntryPoint\",\"urlTemplate\":\"https:\/\/www.dellearti.com\/de\/?s={search_term_string}\"},\"query-input\":{\"@type\":\"PropertyValueSpecification\",\"valueRequired\":true,\"valueName\":\"search_term_string\"}}],\"inLanguage\":\"de-DE\"}]}<\/script>\n<!-- \/ Yoast SEO plugin. -->","yoast_head_json":{"title":"Dellearti Design Hotel &#8226; im historischen und kulturellen Zentrum von Cremona","description":"Das DelleArti Design Hotel ist eines der ersten echten Designhotels, das 2002 in Italien gebaut wurde, und gewann in diesem Jahr den Preis f\u00fcr das beste neue Designhotel in Europa.  Das reiche kulturelle Angebot der Stadt ist nur einen Steinwurf entfernt: Die Kathedrale, das Torrazzo- und Di\u00f6zesanmuseum sind 100 Meter entfernt, das Geigenmuseum 350 Meter.  In der Kunstgalerie des Hotels und im Au\u00dfenbereich findet Fr\u00fchst\u00fcck statt und Sie k\u00f6nnen in unserem Wellnessbereich und im Technogym-Fitnessstudio entspannen  Wenn Sie mit dem Auto anreisen, haben Sie Zugang zur privaten \u00fcberdachten Garage, die sich nur wenige Meter vor dem Hotel befindet. .","robots":{"index":"index","follow":"follow","max-snippet":"max-snippet:-1","max-image-preview":"max-image-preview:large","max-video-preview":"max-video-preview:-1"},"canonical":"https:\/\/www.dellearti.com\/de\/","og_locale":"de_DE","og_type":"article","og_title":"Dellearti Design Hotel &#8226; im historischen und kulturellen Zentrum von Cremona","og_description":"Das DelleArti Design Hotel ist eines der ersten echten Designhotels, das 2002 in Italien gebaut wurde, und gewann in diesem Jahr den Preis f\u00fcr das beste neue Designhotel in Europa.  Das reiche kulturelle Angebot der Stadt ist nur einen Steinwurf entfernt: Die Kathedrale, das Torrazzo- und Di\u00f6zesanmuseum sind 100 Meter entfernt, das Geigenmuseum 350 Meter.  In der Kunstgalerie des Hotels und im Au\u00dfenbereich findet Fr\u00fchst\u00fcck statt und Sie k\u00f6nnen in unserem Wellnessbereich und im Technogym-Fitnessstudio entspannen  Wenn Sie mit dem Auto anreisen, haben Sie Zugang zur privaten \u00fcberdachten Garage, die sich nur wenige Meter vor dem Hotel befindet. .","og_url":"https:\/\/www.dellearti.com\/de\/","og_site_name":"Dellearti Design Hotel","article_modified_time":"2023-10-13T07:39:39+00:00","og_image":[{"url":"https:\/\/www.dellearti.com\/wp-content\/uploads\/sites\/322\/2023\/10\/premio.png","type":"","width":"","height":""}],"twitter_card":"summary_large_image","twitter_misc":{"Gesch\u00e4tzte Lesezeit":"1 Minute"},"schema":{"@context":"https:\/\/schema.org","@graph":[{"@type":"WebPage","@id":"https:\/\/www.dellearti.com\/de\/","url":"https:\/\/www.dellearti.com\/de\/","name":"Dellearti Design Hotel &#8226; im historischen und kulturellen Zentrum von Cremona","isPartOf":{"@id":"https:\/\/www.dellearti.com\/de\/#website"},"primaryImageOfPage":{"@id":"https:\/\/www.dellearti.com\/de\/#primaryimage"},"image":{"@id":"https:\/\/www.dellearti.com\/de\/#primaryimage"},"thumbnailUrl":"https:\/\/www.dellearti.com\/wp-content\/uploads\/sites\/322\/2023\/10\/premio.png","datePublished":"2021-07-05T08:18:47+00:00","dateModified":"2023-10-13T07:39:39+00:00","description":"Das DelleArti Design Hotel ist eines der ersten echten Designhotels, das 2002 in Italien gebaut wurde, und gewann in diesem Jahr den Preis f\u00fcr das beste neue Designhotel in Europa. Das reiche kulturelle Angebot der Stadt ist nur einen Steinwurf entfernt: Die Kathedrale, das Torrazzo- und Di\u00f6zesanmuseum sind 100 Meter entfernt, das Geigenmuseum 350 Meter. In der Kunstgalerie des Hotels und im Au\u00dfenbereich findet Fr\u00fchst\u00fcck statt und Sie k\u00f6nnen in unserem Wellnessbereich und im Technogym-Fitnessstudio entspannen Wenn Sie mit dem Auto anreisen, haben Sie Zugang zur privaten \u00fcberdachten Garage, die sich nur wenige Meter vor dem Hotel befindet. .","breadcrumb":{"@id":"https:\/\/www.dellearti.com\/de\/#breadcrumb"},"inLanguage":"de-DE","potentialAction":[{"@type":"ReadAction","target":["https:\/\/www.dellearti.com\/de\/"]}]},{"@type":"ImageObject","inLanguage":"de-DE","@id":"https:\/\/www.dellearti.com\/de\/#primaryimage","url":"https:\/\/www.dellearti.com\/wp-content\/uploads\/sites\/322\/2023\/10\/premio.png","contentUrl":"https:\/\/www.dellearti.com\/wp-content\/uploads\/sites\/322\/2023\/10\/premio.png"},{"@type":"BreadcrumbList","@id":"https:\/\/www.dellearti.com\/de\/#breadcrumb","itemListElement":[{"@type":"ListItem","position":1,"name":"Home","item":"https:\/\/www.dellearti.com\/de\/"},{"@type":"ListItem","position":2,"name":"Dellearti Design Hotel"}]},{"@type":"WebSite","@id":"https:\/\/www.dellearti.com\/de\/#website","url":"https:\/\/www.dellearti.com\/de\/","name":"Dellearti Design Hotel","description":"Just another ms.decms.eu site","potentialAction":[{"@type":"SearchAction","target":{"@type":"EntryPoint","urlTemplate":"https:\/\/www.dellearti.com\/de\/?s={search_term_string}"},"query-input":{"@type":"PropertyValueSpecification","valueRequired":true,"valueName":"search_term_string"}}],"inLanguage":"de-DE"}]}},"acf":[],"_links":{"self":[{"href":"https:\/\/www.dellearti.com\/de\/wp-json\/wp\/v2\/pages\/4","targetHints":{"allow":["GET"]}}],"collection":[{"href":"https:\/\/www.dellearti.com\/de\/wp-json\/wp\/v2\/pages"}],"about":[{"href":"https:\/\/www.dellearti.com\/de\/wp-json\/wp\/v2\/types\/page"}],"author":[{"embeddable":true,"href":"https:\/\/www.dellearti.com\/de\/wp-json\/wp\/v2\/users\/17"}],"replies":[{"embeddable":true,"href":"https:\/\/www.dellearti.com\/de\/wp-json\/wp\/v2\/comments?post=4"}],"version-history":[{"count":0,"href":"https:\/\/www.dellearti.com\/de\/wp-json\/wp\/v2\/pages\/4\/revisions"}],"wp:attachment":[{"href":"https:\/\/www.dellearti.com\/de\/wp-json\/wp\/v2\/media?parent=4"}],"curies":[{"name":"wp","href":"https:\/\/api.w.org\/{rel}","templated":true}]}}