{"id":336,"date":"2021-09-22T08:33:10","date_gmt":"2021-09-22T08:33:10","guid":{"rendered":"https:\/\/dellearti-design-hotel.ms.decms.eu\/?page_id=336"},"modified":"2022-05-02T13:49:02","modified_gmt":"2022-05-02T13:49:02","slug":"wellnessbereich","status":"publish","type":"page","link":"https:\/\/www.dellearti.com\/de\/wellnessbereich\/","title":{"rendered":"Wellnessbereich"},"content":{"rendered":"<p>Im Untergescho\u00df\u00a0\u00a0 verf\u00fcgt das Dellearti Hotel \u00fcber einen Wellnessbereich und einen Fitnessraum mit den neuesten Technogym-Ger\u00e4ten. Au\u00dferdem verf\u00fcgt es \u00fcber eine <strong>Physiotherm<\/strong>-Infrarotkabine. Das <strong>Physiotherm<\/strong>-Prinzip dank Ans\u00e4tzen innovative Infrarot-Technologie, wirkt als besonders sanfte, effektive und sichere W\u00e4rmebehandlung. Die beiden wichtigsten Komponenten sind die mit Lavasand gef\u00fcllten Keramiklampen und die\u00a0\u00a0 Infrarot Technik bei niedriger Temperatur.<\/p>\n<p>&nbsp;<\/p>\n","protected":false},"excerpt":{"rendered":"<p>Im Untergescho\u00df\u00a0\u00a0 verf\u00fcgt das Dellearti Hotel \u00fcber einen Wellnessbereich und einen Fitnessraum mit den neuesten Technogym-Ger\u00e4ten. Au\u00dferdem verf\u00fcgt es \u00fcber eine Physiotherm-Infrarotkabine. Das Physiotherm-Prinzip dank Ans\u00e4tzen innovative Infrarot-Technologie, wirkt als besonders sanfte, effektive und sichere W\u00e4rmebehandlung. Die beiden wichtigsten Komponenten sind die mit Lavasand gef\u00fcllten Keramiklampen und die\u00a0\u00a0 Infrarot Technik bei niedriger Temperatur. &nbsp;<\/p>\n","protected":false},"author":344,"featured_media":0,"parent":0,"menu_order":60,"comment_status":"closed","ping_status":"closed","template":"template-wellness.php","meta":{"footnotes":""},"class_list":["post-336","page","type-page","status-publish","hentry"],"yoast_head":"<!-- This site is optimized with the Yoast SEO plugin v26.9 - https:\/\/yoast.com\/product\/yoast-seo-wordpress\/ -->\n<title>Wellnessbereich &#8226; Dellearti Design Hotel &#8226;<\/title>\n<meta name=\"description\" content=\"Im Untergescho\u00df\u00a0\u00a0 verf\u00fcgt das Dellearti Hotel \u00fcber einen Wellnessbereich und einen Fitnessraum mit den neuesten Technogym-Ger\u00e4ten. Au\u00dferdem verf\u00fcgt es \u00fcber eine Physiotherm-Infrarotkabine\" \/>\n<meta name=\"robots\" content=\"index, follow, max-snippet:-1, max-image-preview:large, max-video-preview:-1\" \/>\n<link rel=\"canonical\" href=\"https:\/\/www.dellearti.com\/de\/wellnessbereich\/\" \/>\n<meta property=\"og:locale\" content=\"de_DE\" \/>\n<meta property=\"og:type\" content=\"article\" \/>\n<meta property=\"og:title\" content=\"Wellnessbereich &#8226; Dellearti Design Hotel &#8226;\" \/>\n<meta property=\"og:description\" content=\"Im Untergescho\u00df\u00a0\u00a0 verf\u00fcgt das Dellearti Hotel \u00fcber einen Wellnessbereich und einen Fitnessraum mit den neuesten Technogym-Ger\u00e4ten. Au\u00dferdem verf\u00fcgt es \u00fcber eine Physiotherm-Infrarotkabine\" \/>\n<meta property=\"og:url\" content=\"https:\/\/www.dellearti.com\/de\/wellnessbereich\/\" \/>\n<meta property=\"og:site_name\" content=\"Dellearti Design Hotel\" \/>\n<meta property=\"article:modified_time\" content=\"2022-05-02T13:49:02+00:00\" \/>\n<meta name=\"twitter:card\" content=\"summary_large_image\" \/>\n<meta name=\"twitter:label1\" content=\"Gesch\u00e4tzte Lesezeit\" \/>\n\t<meta name=\"twitter:data1\" content=\"1 Minute\" \/>\n<script type=\"application\/ld+json\" class=\"yoast-schema-graph\">{\"@context\":\"https:\/\/schema.org\",\"@graph\":[{\"@type\":\"WebPage\",\"@id\":\"https:\/\/www.dellearti.com\/de\/wellnessbereich\/\",\"url\":\"https:\/\/www.dellearti.com\/de\/wellnessbereich\/\",\"name\":\"Wellnessbereich &#8226; Dellearti Design Hotel &#8226;\",\"isPartOf\":{\"@id\":\"https:\/\/www.dellearti.com\/de\/#website\"},\"datePublished\":\"2021-09-22T08:33:10+00:00\",\"dateModified\":\"2022-05-02T13:49:02+00:00\",\"description\":\"Im Untergescho\u00df\u00a0\u00a0 verf\u00fcgt das Dellearti Hotel \u00fcber einen Wellnessbereich und einen Fitnessraum mit den neuesten Technogym-Ger\u00e4ten. Au\u00dferdem verf\u00fcgt es \u00fcber eine Physiotherm-Infrarotkabine\",\"breadcrumb\":{\"@id\":\"https:\/\/www.dellearti.com\/de\/wellnessbereich\/#breadcrumb\"},\"inLanguage\":\"de-DE\",\"potentialAction\":[{\"@type\":\"ReadAction\",\"target\":[\"https:\/\/www.dellearti.com\/de\/wellnessbereich\/\"]}]},{\"@type\":\"BreadcrumbList\",\"@id\":\"https:\/\/www.dellearti.com\/de\/wellnessbereich\/#breadcrumb\",\"itemListElement\":[{\"@type\":\"ListItem\",\"position\":1,\"name\":\"Home\",\"item\":\"https:\/\/www.dellearti.com\/de\/\"},{\"@type\":\"ListItem\",\"position\":2,\"name\":\"Wellnessbereich\"}]},{\"@type\":\"WebSite\",\"@id\":\"https:\/\/www.dellearti.com\/de\/#website\",\"url\":\"https:\/\/www.dellearti.com\/de\/\",\"name\":\"Dellearti Design Hotel\",\"description\":\"Just another ms.decms.eu site\",\"potentialAction\":[{\"@type\":\"SearchAction\",\"target\":{\"@type\":\"EntryPoint\",\"urlTemplate\":\"https:\/\/www.dellearti.com\/de\/?s={search_term_string}\"},\"query-input\":{\"@type\":\"PropertyValueSpecification\",\"valueRequired\":true,\"valueName\":\"search_term_string\"}}],\"inLanguage\":\"de-DE\"}]}<\/script>\n<!-- \/ Yoast SEO plugin. -->","yoast_head_json":{"title":"Wellnessbereich &#8226; Dellearti Design Hotel &#8226;","description":"Im Untergescho\u00df\u00a0\u00a0 verf\u00fcgt das Dellearti Hotel \u00fcber einen Wellnessbereich und einen Fitnessraum mit den neuesten Technogym-Ger\u00e4ten. Au\u00dferdem verf\u00fcgt es \u00fcber eine Physiotherm-Infrarotkabine","robots":{"index":"index","follow":"follow","max-snippet":"max-snippet:-1","max-image-preview":"max-image-preview:large","max-video-preview":"max-video-preview:-1"},"canonical":"https:\/\/www.dellearti.com\/de\/wellnessbereich\/","og_locale":"de_DE","og_type":"article","og_title":"Wellnessbereich &#8226; Dellearti Design Hotel &#8226;","og_description":"Im Untergescho\u00df\u00a0\u00a0 verf\u00fcgt das Dellearti Hotel \u00fcber einen Wellnessbereich und einen Fitnessraum mit den neuesten Technogym-Ger\u00e4ten. Au\u00dferdem verf\u00fcgt es \u00fcber eine Physiotherm-Infrarotkabine","og_url":"https:\/\/www.dellearti.com\/de\/wellnessbereich\/","og_site_name":"Dellearti Design Hotel","article_modified_time":"2022-05-02T13:49:02+00:00","twitter_card":"summary_large_image","twitter_misc":{"Gesch\u00e4tzte Lesezeit":"1 Minute"},"schema":{"@context":"https:\/\/schema.org","@graph":[{"@type":"WebPage","@id":"https:\/\/www.dellearti.com\/de\/wellnessbereich\/","url":"https:\/\/www.dellearti.com\/de\/wellnessbereich\/","name":"Wellnessbereich &#8226; Dellearti Design Hotel &#8226;","isPartOf":{"@id":"https:\/\/www.dellearti.com\/de\/#website"},"datePublished":"2021-09-22T08:33:10+00:00","dateModified":"2022-05-02T13:49:02+00:00","description":"Im Untergescho\u00df\u00a0\u00a0 verf\u00fcgt das Dellearti Hotel \u00fcber einen Wellnessbereich und einen Fitnessraum mit den neuesten Technogym-Ger\u00e4ten. Au\u00dferdem verf\u00fcgt es \u00fcber eine Physiotherm-Infrarotkabine","breadcrumb":{"@id":"https:\/\/www.dellearti.com\/de\/wellnessbereich\/#breadcrumb"},"inLanguage":"de-DE","potentialAction":[{"@type":"ReadAction","target":["https:\/\/www.dellearti.com\/de\/wellnessbereich\/"]}]},{"@type":"BreadcrumbList","@id":"https:\/\/www.dellearti.com\/de\/wellnessbereich\/#breadcrumb","itemListElement":[{"@type":"ListItem","position":1,"name":"Home","item":"https:\/\/www.dellearti.com\/de\/"},{"@type":"ListItem","position":2,"name":"Wellnessbereich"}]},{"@type":"WebSite","@id":"https:\/\/www.dellearti.com\/de\/#website","url":"https:\/\/www.dellearti.com\/de\/","name":"Dellearti Design Hotel","description":"Just another ms.decms.eu site","potentialAction":[{"@type":"SearchAction","target":{"@type":"EntryPoint","urlTemplate":"https:\/\/www.dellearti.com\/de\/?s={search_term_string}"},"query-input":{"@type":"PropertyValueSpecification","valueRequired":true,"valueName":"search_term_string"}}],"inLanguage":"de-DE"}]}},"acf":[],"_links":{"self":[{"href":"https:\/\/www.dellearti.com\/de\/wp-json\/wp\/v2\/pages\/336","targetHints":{"allow":["GET"]}}],"collection":[{"href":"https:\/\/www.dellearti.com\/de\/wp-json\/wp\/v2\/pages"}],"about":[{"href":"https:\/\/www.dellearti.com\/de\/wp-json\/wp\/v2\/types\/page"}],"author":[{"embeddable":true,"href":"https:\/\/www.dellearti.com\/de\/wp-json\/wp\/v2\/users\/344"}],"replies":[{"embeddable":true,"href":"https:\/\/www.dellearti.com\/de\/wp-json\/wp\/v2\/comments?post=336"}],"version-history":[{"count":0,"href":"https:\/\/www.dellearti.com\/de\/wp-json\/wp\/v2\/pages\/336\/revisions"}],"wp:attachment":[{"href":"https:\/\/www.dellearti.com\/de\/wp-json\/wp\/v2\/media?parent=336"}],"curies":[{"name":"wp","href":"https:\/\/api.w.org\/{rel}","templated":true}]}}