{"id":305,"date":"2021-09-22T07:59:29","date_gmt":"2021-09-22T07:59:29","guid":{"rendered":"https:\/\/dellearti-design-hotel.ms.decms.eu\/?page_id=305"},"modified":"2023-11-28T18:40:39","modified_gmt":"2023-11-28T18:40:39","slug":"zimmer","status":"publish","type":"page","link":"https:\/\/www.dellearti.com\/de\/zimmer\/","title":{"rendered":"Zimmer"},"content":{"rendered":"<p>Das DelleArtiDesign Hotel verf\u00fcgt \u00fcber 33 Zimmer<strong>, 30 ger\u00e4umige Doppelzimmer,\u00a0 <\/strong>\u00a02 davon sind auch behindertengerecht; <strong>2 Junior Suiten im dritten Stock<\/strong>; 1 Dreibettzimmer\u00a0mit Doppelbett und 1 Schlafsofa da\u00df\u00a0 \u00a0vom Hauptschlafzimmer getrennt ist.<\/p>\n<p>Alle unsere Zimmer verf\u00fcgen \u00fcber Fernseher HD mit nationalen, internationalen Programmen und SKY, schnelle Internetverbindung, W-Lan gratis im ganzen Hotel, \u00a0Arbeitsschreibtisch, K\u00fchlschrank und Safe.<\/p>\n","protected":false},"excerpt":{"rendered":"<p>Das DelleArtiDesign Hotel verf\u00fcgt \u00fcber 33 Zimmer, 30 ger\u00e4umige Doppelzimmer,\u00a0 \u00a02 davon sind auch behindertengerecht; 2 Junior Suiten im dritten Stock; 1 Dreibettzimmer\u00a0mit Doppelbett und 1 Schlafsofa da\u00df\u00a0 \u00a0vom Hauptschlafzimmer getrennt ist. Alle unsere Zimmer verf\u00fcgen \u00fcber Fernseher HD mit nationalen, internationalen Programmen und SKY, schnelle Internetverbindung, W-Lan gratis im ganzen Hotel, \u00a0Arbeitsschreibtisch, K\u00fchlschrank und [&hellip;]<\/p>\n","protected":false},"author":344,"featured_media":0,"parent":0,"menu_order":30,"comment_status":"closed","ping_status":"closed","template":"template-rooms.php","meta":{"footnotes":""},"class_list":["post-305","page","type-page","status-publish","hentry"],"yoast_head":"<!-- This site is optimized with the Yoast SEO plugin v26.9 - https:\/\/yoast.com\/product\/yoast-seo-wordpress\/ -->\n<title>Zimmer &#8226; Dellearti Design Hotel &#8226;<\/title>\n<meta name=\"description\" content=\"Das DelleArtiDesign Hotel verf\u00fcgt \u00fcber 33 Zimmer, 30 ger\u00e4umige Doppelzimmer,\u00a0 \u00a02 davon sind auch behindertengerecht; 2 Junior Suiten im dritten Stock; 1 Dreibettzimmer\u00a0mit Doppelbett und 1 Schlafsofa da\u00df\u00a0 \u00a0vom Hauptschlafzimmer getrennt ist.  Alle unsere Zimmer verf\u00fcgen \u00fcber Fernseher HD mit nationalen, internationalen Programmen und SKY, schnelle Internetverbindung, W-Lan gratis im ganzen Hotel, \u00a0Arbeitsschreibtisch, K\u00fchlschrank und Safe..\" \/>\n<meta name=\"robots\" content=\"index, follow, max-snippet:-1, max-image-preview:large, max-video-preview:-1\" \/>\n<link rel=\"canonical\" href=\"https:\/\/www.dellearti.com\/de\/zimmer\/\" \/>\n<meta property=\"og:locale\" content=\"de_DE\" \/>\n<meta property=\"og:type\" content=\"article\" \/>\n<meta property=\"og:title\" content=\"Zimmer &#8226; Dellearti Design Hotel &#8226;\" \/>\n<meta property=\"og:description\" content=\"Das DelleArtiDesign Hotel verf\u00fcgt \u00fcber 33 Zimmer, 30 ger\u00e4umige Doppelzimmer,\u00a0 \u00a02 davon sind auch behindertengerecht; 2 Junior Suiten im dritten Stock; 1 Dreibettzimmer\u00a0mit Doppelbett und 1 Schlafsofa da\u00df\u00a0 \u00a0vom Hauptschlafzimmer getrennt ist.  Alle unsere Zimmer verf\u00fcgen \u00fcber Fernseher HD mit nationalen, internationalen Programmen und SKY, schnelle Internetverbindung, W-Lan gratis im ganzen Hotel, \u00a0Arbeitsschreibtisch, K\u00fchlschrank und Safe..\" \/>\n<meta property=\"og:url\" content=\"https:\/\/www.dellearti.com\/de\/zimmer\/\" \/>\n<meta property=\"og:site_name\" content=\"Dellearti Design Hotel\" \/>\n<meta property=\"article:modified_time\" content=\"2023-11-28T18:40:39+00:00\" \/>\n<meta name=\"twitter:card\" content=\"summary_large_image\" \/>\n<script type=\"application\/ld+json\" class=\"yoast-schema-graph\">{\"@context\":\"https:\/\/schema.org\",\"@graph\":[{\"@type\":\"WebPage\",\"@id\":\"https:\/\/www.dellearti.com\/de\/zimmer\/\",\"url\":\"https:\/\/www.dellearti.com\/de\/zimmer\/\",\"name\":\"Zimmer &#8226; Dellearti Design Hotel &#8226;\",\"isPartOf\":{\"@id\":\"https:\/\/www.dellearti.com\/de\/#website\"},\"datePublished\":\"2021-09-22T07:59:29+00:00\",\"dateModified\":\"2023-11-28T18:40:39+00:00\",\"description\":\"Das DelleArtiDesign Hotel verf\u00fcgt \u00fcber 33 Zimmer, 30 ger\u00e4umige Doppelzimmer,\u00a0 \u00a02 davon sind auch behindertengerecht; 2 Junior Suiten im dritten Stock; 1 Dreibettzimmer\u00a0mit Doppelbett und 1 Schlafsofa da\u00df\u00a0 \u00a0vom Hauptschlafzimmer getrennt ist. Alle unsere Zimmer verf\u00fcgen \u00fcber Fernseher HD mit nationalen, internationalen Programmen und SKY, schnelle Internetverbindung, W-Lan gratis im ganzen Hotel, \u00a0Arbeitsschreibtisch, K\u00fchlschrank und Safe..\",\"breadcrumb\":{\"@id\":\"https:\/\/www.dellearti.com\/de\/zimmer\/#breadcrumb\"},\"inLanguage\":\"de-DE\",\"potentialAction\":[{\"@type\":\"ReadAction\",\"target\":[\"https:\/\/www.dellearti.com\/de\/zimmer\/\"]}]},{\"@type\":\"BreadcrumbList\",\"@id\":\"https:\/\/www.dellearti.com\/de\/zimmer\/#breadcrumb\",\"itemListElement\":[{\"@type\":\"ListItem\",\"position\":1,\"name\":\"Home\",\"item\":\"https:\/\/www.dellearti.com\/de\/\"},{\"@type\":\"ListItem\",\"position\":2,\"name\":\"Zimmer\"}]},{\"@type\":\"WebSite\",\"@id\":\"https:\/\/www.dellearti.com\/de\/#website\",\"url\":\"https:\/\/www.dellearti.com\/de\/\",\"name\":\"Dellearti Design Hotel\",\"description\":\"Just another ms.decms.eu site\",\"potentialAction\":[{\"@type\":\"SearchAction\",\"target\":{\"@type\":\"EntryPoint\",\"urlTemplate\":\"https:\/\/www.dellearti.com\/de\/?s={search_term_string}\"},\"query-input\":{\"@type\":\"PropertyValueSpecification\",\"valueRequired\":true,\"valueName\":\"search_term_string\"}}],\"inLanguage\":\"de-DE\"}]}<\/script>\n<!-- \/ Yoast SEO plugin. -->","yoast_head_json":{"title":"Zimmer &#8226; Dellearti Design Hotel &#8226;","description":"Das DelleArtiDesign Hotel verf\u00fcgt \u00fcber 33 Zimmer, 30 ger\u00e4umige Doppelzimmer,\u00a0 \u00a02 davon sind auch behindertengerecht; 2 Junior Suiten im dritten Stock; 1 Dreibettzimmer\u00a0mit Doppelbett und 1 Schlafsofa da\u00df\u00a0 \u00a0vom Hauptschlafzimmer getrennt ist.  Alle unsere Zimmer verf\u00fcgen \u00fcber Fernseher HD mit nationalen, internationalen Programmen und SKY, schnelle Internetverbindung, W-Lan gratis im ganzen Hotel, \u00a0Arbeitsschreibtisch, K\u00fchlschrank und Safe..","robots":{"index":"index","follow":"follow","max-snippet":"max-snippet:-1","max-image-preview":"max-image-preview:large","max-video-preview":"max-video-preview:-1"},"canonical":"https:\/\/www.dellearti.com\/de\/zimmer\/","og_locale":"de_DE","og_type":"article","og_title":"Zimmer &#8226; Dellearti Design Hotel &#8226;","og_description":"Das DelleArtiDesign Hotel verf\u00fcgt \u00fcber 33 Zimmer, 30 ger\u00e4umige Doppelzimmer,\u00a0 \u00a02 davon sind auch behindertengerecht; 2 Junior Suiten im dritten Stock; 1 Dreibettzimmer\u00a0mit Doppelbett und 1 Schlafsofa da\u00df\u00a0 \u00a0vom Hauptschlafzimmer getrennt ist.  Alle unsere Zimmer verf\u00fcgen \u00fcber Fernseher HD mit nationalen, internationalen Programmen und SKY, schnelle Internetverbindung, W-Lan gratis im ganzen Hotel, \u00a0Arbeitsschreibtisch, K\u00fchlschrank und Safe..","og_url":"https:\/\/www.dellearti.com\/de\/zimmer\/","og_site_name":"Dellearti Design Hotel","article_modified_time":"2023-11-28T18:40:39+00:00","twitter_card":"summary_large_image","schema":{"@context":"https:\/\/schema.org","@graph":[{"@type":"WebPage","@id":"https:\/\/www.dellearti.com\/de\/zimmer\/","url":"https:\/\/www.dellearti.com\/de\/zimmer\/","name":"Zimmer &#8226; Dellearti Design Hotel &#8226;","isPartOf":{"@id":"https:\/\/www.dellearti.com\/de\/#website"},"datePublished":"2021-09-22T07:59:29+00:00","dateModified":"2023-11-28T18:40:39+00:00","description":"Das DelleArtiDesign Hotel verf\u00fcgt \u00fcber 33 Zimmer, 30 ger\u00e4umige Doppelzimmer,\u00a0 \u00a02 davon sind auch behindertengerecht; 2 Junior Suiten im dritten Stock; 1 Dreibettzimmer\u00a0mit Doppelbett und 1 Schlafsofa da\u00df\u00a0 \u00a0vom Hauptschlafzimmer getrennt ist. Alle unsere Zimmer verf\u00fcgen \u00fcber Fernseher HD mit nationalen, internationalen Programmen und SKY, schnelle Internetverbindung, W-Lan gratis im ganzen Hotel, \u00a0Arbeitsschreibtisch, K\u00fchlschrank und Safe..","breadcrumb":{"@id":"https:\/\/www.dellearti.com\/de\/zimmer\/#breadcrumb"},"inLanguage":"de-DE","potentialAction":[{"@type":"ReadAction","target":["https:\/\/www.dellearti.com\/de\/zimmer\/"]}]},{"@type":"BreadcrumbList","@id":"https:\/\/www.dellearti.com\/de\/zimmer\/#breadcrumb","itemListElement":[{"@type":"ListItem","position":1,"name":"Home","item":"https:\/\/www.dellearti.com\/de\/"},{"@type":"ListItem","position":2,"name":"Zimmer"}]},{"@type":"WebSite","@id":"https:\/\/www.dellearti.com\/de\/#website","url":"https:\/\/www.dellearti.com\/de\/","name":"Dellearti Design Hotel","description":"Just another ms.decms.eu site","potentialAction":[{"@type":"SearchAction","target":{"@type":"EntryPoint","urlTemplate":"https:\/\/www.dellearti.com\/de\/?s={search_term_string}"},"query-input":{"@type":"PropertyValueSpecification","valueRequired":true,"valueName":"search_term_string"}}],"inLanguage":"de-DE"}]}},"acf":[],"_links":{"self":[{"href":"https:\/\/www.dellearti.com\/de\/wp-json\/wp\/v2\/pages\/305","targetHints":{"allow":["GET"]}}],"collection":[{"href":"https:\/\/www.dellearti.com\/de\/wp-json\/wp\/v2\/pages"}],"about":[{"href":"https:\/\/www.dellearti.com\/de\/wp-json\/wp\/v2\/types\/page"}],"author":[{"embeddable":true,"href":"https:\/\/www.dellearti.com\/de\/wp-json\/wp\/v2\/users\/344"}],"replies":[{"embeddable":true,"href":"https:\/\/www.dellearti.com\/de\/wp-json\/wp\/v2\/comments?post=305"}],"version-history":[{"count":0,"href":"https:\/\/www.dellearti.com\/de\/wp-json\/wp\/v2\/pages\/305\/revisions"}],"wp:attachment":[{"href":"https:\/\/www.dellearti.com\/de\/wp-json\/wp\/v2\/media?parent=305"}],"curies":[{"name":"wp","href":"https:\/\/api.w.org\/{rel}","templated":true}]}}