{"id":302,"date":"2021-09-22T07:58:32","date_gmt":"2021-09-22T07:58:32","guid":{"rendered":"https:\/\/dellearti-design-hotel.ms.decms.eu\/?page_id=302"},"modified":"2024-02-07T19:01:28","modified_gmt":"2024-02-07T19:01:28","slug":"hotel","status":"publish","type":"page","link":"https:\/\/www.dellearti.com\/de\/hotel\/","title":{"rendered":"Hotel"},"content":{"rendered":"<p>Das DelleArtiDesign Hotel hat eine zentrale Lage. Es bifindet sich hinter dem Dom von Cremona und hat 33 Doppelzimmer Superior, 2 Junior Suite und ausserdem ein Dreibettzimmer anzubieten.<\/p>\n<p>Der Projektraum, eine Veranda mit Blick auf den Garten, erweitert sich im Sommer auch nach drau\u00dfen. Ein aussergew\u00f6hnlicher Fr\u00fchst\u00fccksraum mit kosmopolitischer Atmosph\u00e4re, in dem Sie jedoch die besten traditionellen Spezialit\u00e4ten probieren k\u00f6nnen.<\/p>\n<p>Wenige Meter vom Hotel entfernt steht &#8211; nur nach Vorbestellung &#8211; ein Privatparkplatz zur Verf\u00fcgung oder ein unterirdischer, konventionierter Parkplatz, der in wenigen Minuten zu Fuss zu erreichen ist.<\/p>\n<p>Zum v\u00f6llig privaten Innenhof hin \u00f6ffnet sich auch die Fitness-Zone mit einer gut ausgestatteten Turnhalle und einer infraroten Physiotherm-Kabine.<\/p>\n","protected":false},"excerpt":{"rendered":"<p>Das DelleArtiDesign Hotel hat eine zentrale Lage. Es bifindet sich hinter dem Dom von Cremona und hat 33 Doppelzimmer Superior, 2 Junior Suite und ausserdem ein Dreibettzimmer anzubieten. Der Projektraum, eine Veranda mit Blick auf den Garten, erweitert sich im Sommer auch nach drau\u00dfen. Ein aussergew\u00f6hnlicher Fr\u00fchst\u00fccksraum mit kosmopolitischer Atmosph\u00e4re, in dem Sie jedoch die [&hellip;]<\/p>\n","protected":false},"author":344,"featured_media":0,"parent":0,"menu_order":20,"comment_status":"closed","ping_status":"closed","template":"template-hotel.php","meta":{"footnotes":""},"class_list":["post-302","page","type-page","status-publish","hentry"],"yoast_head":"<!-- This site is optimized with the Yoast SEO plugin v26.9 - https:\/\/yoast.com\/product\/yoast-seo-wordpress\/ -->\n<title>Hotel &#8226; Dellearti Design Hotel &#8226;<\/title>\n<meta name=\"description\" content=\"Das DelleArtiDesign Hotel hat eine zentrale Lage. Es bifindet sich hinter dem Dom von Cremona und hat 33 Doppelzimmer Superior, 2 Junior Suite und ausserdem ein Dreibettzimmer anzubieten.  Der Projektraum, eine Veranda mit Blick auf den Garten, erweitert sich im Sommer auch nach drau\u00dfen\" \/>\n<meta name=\"robots\" content=\"index, follow, max-snippet:-1, max-image-preview:large, max-video-preview:-1\" \/>\n<link rel=\"canonical\" href=\"https:\/\/www.dellearti.com\/de\/hotel\/\" \/>\n<meta property=\"og:locale\" content=\"de_DE\" \/>\n<meta property=\"og:type\" content=\"article\" \/>\n<meta property=\"og:title\" content=\"Hotel &#8226; Dellearti Design Hotel &#8226;\" \/>\n<meta property=\"og:description\" content=\"Das DelleArtiDesign Hotel hat eine zentrale Lage. Es bifindet sich hinter dem Dom von Cremona und hat 33 Doppelzimmer Superior, 2 Junior Suite und ausserdem ein Dreibettzimmer anzubieten.  Der Projektraum, eine Veranda mit Blick auf den Garten, erweitert sich im Sommer auch nach drau\u00dfen\" \/>\n<meta property=\"og:url\" content=\"https:\/\/www.dellearti.com\/de\/hotel\/\" \/>\n<meta property=\"og:site_name\" content=\"Dellearti Design Hotel\" \/>\n<meta property=\"article:modified_time\" content=\"2024-02-07T19:01:28+00:00\" \/>\n<meta name=\"twitter:card\" content=\"summary_large_image\" \/>\n<meta name=\"twitter:label1\" content=\"Gesch\u00e4tzte Lesezeit\" \/>\n\t<meta name=\"twitter:data1\" content=\"1 Minute\" \/>\n<script type=\"application\/ld+json\" class=\"yoast-schema-graph\">{\"@context\":\"https:\/\/schema.org\",\"@graph\":[{\"@type\":\"WebPage\",\"@id\":\"https:\/\/www.dellearti.com\/de\/hotel\/\",\"url\":\"https:\/\/www.dellearti.com\/de\/hotel\/\",\"name\":\"Hotel &#8226; Dellearti Design Hotel &#8226;\",\"isPartOf\":{\"@id\":\"https:\/\/www.dellearti.com\/de\/#website\"},\"datePublished\":\"2021-09-22T07:58:32+00:00\",\"dateModified\":\"2024-02-07T19:01:28+00:00\",\"description\":\"Das DelleArtiDesign Hotel hat eine zentrale Lage. Es bifindet sich hinter dem Dom von Cremona und hat 33 Doppelzimmer Superior, 2 Junior Suite und ausserdem ein Dreibettzimmer anzubieten. Der Projektraum, eine Veranda mit Blick auf den Garten, erweitert sich im Sommer auch nach drau\u00dfen\",\"breadcrumb\":{\"@id\":\"https:\/\/www.dellearti.com\/de\/hotel\/#breadcrumb\"},\"inLanguage\":\"de-DE\",\"potentialAction\":[{\"@type\":\"ReadAction\",\"target\":[\"https:\/\/www.dellearti.com\/de\/hotel\/\"]}]},{\"@type\":\"BreadcrumbList\",\"@id\":\"https:\/\/www.dellearti.com\/de\/hotel\/#breadcrumb\",\"itemListElement\":[{\"@type\":\"ListItem\",\"position\":1,\"name\":\"Home\",\"item\":\"https:\/\/www.dellearti.com\/de\/\"},{\"@type\":\"ListItem\",\"position\":2,\"name\":\"Hotel\"}]},{\"@type\":\"WebSite\",\"@id\":\"https:\/\/www.dellearti.com\/de\/#website\",\"url\":\"https:\/\/www.dellearti.com\/de\/\",\"name\":\"Dellearti Design Hotel\",\"description\":\"Just another ms.decms.eu site\",\"potentialAction\":[{\"@type\":\"SearchAction\",\"target\":{\"@type\":\"EntryPoint\",\"urlTemplate\":\"https:\/\/www.dellearti.com\/de\/?s={search_term_string}\"},\"query-input\":{\"@type\":\"PropertyValueSpecification\",\"valueRequired\":true,\"valueName\":\"search_term_string\"}}],\"inLanguage\":\"de-DE\"}]}<\/script>\n<!-- \/ Yoast SEO plugin. -->","yoast_head_json":{"title":"Hotel &#8226; Dellearti Design Hotel &#8226;","description":"Das DelleArtiDesign Hotel hat eine zentrale Lage. Es bifindet sich hinter dem Dom von Cremona und hat 33 Doppelzimmer Superior, 2 Junior Suite und ausserdem ein Dreibettzimmer anzubieten.  Der Projektraum, eine Veranda mit Blick auf den Garten, erweitert sich im Sommer auch nach drau\u00dfen","robots":{"index":"index","follow":"follow","max-snippet":"max-snippet:-1","max-image-preview":"max-image-preview:large","max-video-preview":"max-video-preview:-1"},"canonical":"https:\/\/www.dellearti.com\/de\/hotel\/","og_locale":"de_DE","og_type":"article","og_title":"Hotel &#8226; Dellearti Design Hotel &#8226;","og_description":"Das DelleArtiDesign Hotel hat eine zentrale Lage. Es bifindet sich hinter dem Dom von Cremona und hat 33 Doppelzimmer Superior, 2 Junior Suite und ausserdem ein Dreibettzimmer anzubieten.  Der Projektraum, eine Veranda mit Blick auf den Garten, erweitert sich im Sommer auch nach drau\u00dfen","og_url":"https:\/\/www.dellearti.com\/de\/hotel\/","og_site_name":"Dellearti Design Hotel","article_modified_time":"2024-02-07T19:01:28+00:00","twitter_card":"summary_large_image","twitter_misc":{"Gesch\u00e4tzte Lesezeit":"1 Minute"},"schema":{"@context":"https:\/\/schema.org","@graph":[{"@type":"WebPage","@id":"https:\/\/www.dellearti.com\/de\/hotel\/","url":"https:\/\/www.dellearti.com\/de\/hotel\/","name":"Hotel &#8226; Dellearti Design Hotel &#8226;","isPartOf":{"@id":"https:\/\/www.dellearti.com\/de\/#website"},"datePublished":"2021-09-22T07:58:32+00:00","dateModified":"2024-02-07T19:01:28+00:00","description":"Das DelleArtiDesign Hotel hat eine zentrale Lage. Es bifindet sich hinter dem Dom von Cremona und hat 33 Doppelzimmer Superior, 2 Junior Suite und ausserdem ein Dreibettzimmer anzubieten. Der Projektraum, eine Veranda mit Blick auf den Garten, erweitert sich im Sommer auch nach drau\u00dfen","breadcrumb":{"@id":"https:\/\/www.dellearti.com\/de\/hotel\/#breadcrumb"},"inLanguage":"de-DE","potentialAction":[{"@type":"ReadAction","target":["https:\/\/www.dellearti.com\/de\/hotel\/"]}]},{"@type":"BreadcrumbList","@id":"https:\/\/www.dellearti.com\/de\/hotel\/#breadcrumb","itemListElement":[{"@type":"ListItem","position":1,"name":"Home","item":"https:\/\/www.dellearti.com\/de\/"},{"@type":"ListItem","position":2,"name":"Hotel"}]},{"@type":"WebSite","@id":"https:\/\/www.dellearti.com\/de\/#website","url":"https:\/\/www.dellearti.com\/de\/","name":"Dellearti Design Hotel","description":"Just another ms.decms.eu site","potentialAction":[{"@type":"SearchAction","target":{"@type":"EntryPoint","urlTemplate":"https:\/\/www.dellearti.com\/de\/?s={search_term_string}"},"query-input":{"@type":"PropertyValueSpecification","valueRequired":true,"valueName":"search_term_string"}}],"inLanguage":"de-DE"}]}},"acf":[],"_links":{"self":[{"href":"https:\/\/www.dellearti.com\/de\/wp-json\/wp\/v2\/pages\/302","targetHints":{"allow":["GET"]}}],"collection":[{"href":"https:\/\/www.dellearti.com\/de\/wp-json\/wp\/v2\/pages"}],"about":[{"href":"https:\/\/www.dellearti.com\/de\/wp-json\/wp\/v2\/types\/page"}],"author":[{"embeddable":true,"href":"https:\/\/www.dellearti.com\/de\/wp-json\/wp\/v2\/users\/344"}],"replies":[{"embeddable":true,"href":"https:\/\/www.dellearti.com\/de\/wp-json\/wp\/v2\/comments?post=302"}],"version-history":[{"count":0,"href":"https:\/\/www.dellearti.com\/de\/wp-json\/wp\/v2\/pages\/302\/revisions"}],"wp:attachment":[{"href":"https:\/\/www.dellearti.com\/de\/wp-json\/wp\/v2\/media?parent=302"}],"curies":[{"name":"wp","href":"https:\/\/api.w.org\/{rel}","templated":true}]}}